{"id":168,"date":"2025-05-02T12:48:58","date_gmt":"2025-05-02T10:48:58","guid":{"rendered":"https:\/\/www.go2bsecure.com\/?page_id=168"},"modified":"2025-07-29T15:33:01","modified_gmt":"2025-07-29T13:33:01","slug":"sobre-nosotros","status":"publish","type":"page","link":"https:\/\/www.go2bsecure.com\/es\/sobre-nosotros\/","title":{"rendered":"Sobre Nosotros"},"content":{"rendered":"<section id=\"page-header\" class=\"container space\">\r\n\t<div class=\"wrapper\">\r\n\t\t<h1>Bsecure: Protegiendo el coraz\u00f3n de la tecnolog\u00eda empresarial<\/h1>\r\n\t<\/div>\r\n\t<img decoding=\"async\" src=\"\/wp-content\/uploads\/2025\/05\/hero-1-scaled.webp\" class=\"background\" \/>\r\n<\/section>\r\n\r\n<section id=\"two-columns\" class=\"container space\">\r\n\t<div class=\"wrapper\">\r\n\t\t<div class=\"grid\">\r\n\t\t\t<div class=\"left column\">\r\n\t\t\t\t<h2><span>Un problema sin resolver<\/span>: el vac\u00edo de expertos en mainframe<\/h2>\r\n\t\t\t\t<p>En un mundo donde la ciberseguridad evoluciona a pasos agigantados, hay un eslab\u00f3n cr\u00edtico que ha quedado desprotegido: los entornos mainframe. Estas infraestructuras, que gestionan m\u00e1s del 70% de los datos corporativos a nivel global, dependen de un conocimiento t\u00e9cnico altamente especializado. <\/p>\r\n\t\t\t\t<p>Sin embargo, la realidad es preocupante: los expertos en mainframe se est\u00e1n jubilando y no hay nuevas generaciones que tomen su relevo. Las empresas se enfrentan a un riesgo sin precedentes: sistemas vulnerables, auditor\u00edas d\u00e9biles e incumplidas y una falta de control que podr\u00eda traducirse en fraudes millonarios o brechas de seguridad devastadoras.<\/p>\r\n\t\t\t<\/div>\r\n\t\t\t<div class=\"right column center\">\r\n\t\t\t\t<img decoding=\"async\" src=\"\/wp-content\/uploads\/2025\/05\/img-1-2.webp\" \/>\r\n\t\t\t<\/div>\r\n\t\t<\/div>\r\n\t<\/div>\r\n<\/section>\r\n\r\n<section id=\"two-columns\" class=\"container space\">\r\n\t<div class=\"wrapper\">\r\n\t\t<div class=\"grid reverse-mobile\">\r\n\t\t\t<div class=\"left column center no-resize\">\r\n\t\t\t\t<img decoding=\"async\" src=\"\/wp-content\/uploads\/2025\/05\/img-2-1.webp\" \/>\r\n\t\t\t<\/div>\r\n\t\t\t<div class=\"right column center\">\r\n\t\t\t\t<h2>La visi\u00f3n de Bsecure: convertir el conocimiento en una soluci\u00f3n escalable<\/h2>\r\n\t\t\t\t<p>Ante este escenario, Bsecure nace con un prop\u00f3sito claro: llenar el vac\u00edo de conocimiento en seguridad de mainframe y hacerlo accesible a cualquier organizaci\u00f3n.<\/p>\r\n\t\t\t\t<p>No somos solo consultores; somos constructores de soluciones. Creamos Bsecure DataPASS, el primer servicio profesional que automatiza auditor\u00edas de seguridad y cumplimiento normativo en infraestructuras z\/OS. Con \u00e9l, eliminamos la dependencia de perfiles escasos y brindamos a las empresas una herramienta precisa, r\u00e1pida y sin margen de error.<\/p>\r\n\t\t\t\t<p>Hemos llevado nuestra experiencia a todo el mundo, ayudando a grandes corporaciones a fortalecer su seguridad, prevenir fraudes y garantizar el cumplimiento de normativas como DORA, NIS2 o ISO 27001.<\/p>\r\n\t\t\t<\/div>\r\n\t\t<\/div>\r\n\t<\/div>\r\n<\/section>\r\n\r\n<section id=\"two-columns-about\" class=\"container\">\r\n\t<div class=\"wrapper\">\r\n\t\t<div class=\"about-un-character\">\r\n\t\t\t<div class=\"content\">\r\n\t\t\t\t<h2>\u00c1ngel G\u00f3mez: l\u00edder en seguridad de mainframe y formador de la nueva generaci\u00f3n<\/h2>\r\n\t\t\t\t<p>Bsecure ha sido impulsado por la visi\u00f3n y experiencia de \u00c1ngel G\u00f3mez, especialista en seguridad y auditor\u00eda de sistemas z\/OS y una de las figuras m\u00e1s influyentes en este \u00e1mbito. Con casi 11.000 seguidores en LinkedIn, es una de las voces m\u00e1s importantes en el entorno mainframe, siendo reconocido globalmente por su conocimiento y su capacidad para transformar la seguridad en infraestructuras mainframe. <\/p>\r\n\t\t\t\t<p>Como fundador y director de Bsecure, ha desarrollado soluciones innovadoras que permiten a empresas de cualquier tama\u00f1o optimizar sus auditor\u00edas, reducir riesgos y mejorar la seguridad en entornos mainframe de manera escalable. <\/p>\r\n\t\t\t\t<p>Adem\u00e1s, es el creador del \u00fanico M\u00e1ster en Hacking y Auditor\u00eda de z\/OS, una formaci\u00f3n pionera que ha permitido a cientos de profesionales especializarse en la seguridad de estas infraestructuras cr\u00edticas. Su compromiso con la difusi\u00f3n del conocimiento lo ha convertido en un referente en la comunidad tecnol\u00f3gica.<\/p>\r\n\t\t\t<\/div>\r\n\t\t\t<div class=\"img\">\r\n\t\t\t\t<div class=\"rrss-icons\">\r\n\t\t\t\t\t<a href=\"https:\/\/www.linkedin.com\/in\/angelgomezruiz\/\" target=\"_blank\" class=\"linkdin\" rel=\"nofollow\"><\/a>\r\n\t\t\t\t<\/div>\r\n\t\t\t\t<img decoding=\"async\" src=\"\/wp-content\/uploads\/2025\/05\/img-Angel.webp\" \/>\r\n\t\t\t<\/div>\r\n\t\t<\/div>\r\n\t<\/div>\r\n<\/section>\r\n\r\n<section id=\"compromiso\" class=\"container\">\r\n\t<div class=\"wrapper\">\r\n\t\t<h2>Nuestro compromiso: proteger lo invisible, asegurar lo imprescindible<\/h2>\r\n\t\t<div class=\"grid-compromiso\">\r\n\t\t\t<card class=\"green\">\r\n\t\t\t\tLa seguridad en mainframe no es opcional. Es la base sobre la que operan los bancos, aseguradoras, gobiernos y grandes corporaciones del mundo.\r\n\t\t\t<\/card>\r\n\t\t\t<card class=\"yellow\">\r\n\t\t\t\tEn Bsecure, no s\u00f3lo ofrecemos servicios; creamos soluciones que cambian las reglas del juego.\r\n\t\t\t<\/card>\r\n\t\t\t<card class=\"blue\">\r\n\t\t\t\tDesde auditor\u00edas forenses y soporte a Red &#038; Blue Teams, hasta formaci\u00f3n avanzada y herramientas de monitoreo, trabajamos incansablemente para que cada organizaci\u00f3n pueda operar sin miedo, con la certeza de que su infraestructura est\u00e1 protegida.\r\n\t\t\t<\/card>\r\n\t\t<\/div>\r\n\t<\/div>\r\n<\/section>\r\n\r\n<section id=\"footer-cta\" class=\"container\">\r\n\t<div class=\"wrapper\">\r\n\t\t<h2>Con\u00e9ctese con nosotros<\/h2>\r\n\t\t<p>Si la seguridad de su mainframe le preocupa, hablemos. No esperes a que un incidente ponga en riesgo su empresa.<\/p>\r\n\t\t<a href=\"\/es\/contacto\/\">Cont\u00e1ctenos y descubra c\u00f3mo podemos ayudarte<\/a>\r\n\t<\/div>\r\n<\/section>","protected":false},"excerpt":{"rendered":"Bsecure: Protegiendo el coraz\u00f3n de la tecnolog\u00eda empresarial Un problema sin resolver: el vac\u00edo de expertos en mainframe En un mundo donde la ciberseguridad evoluciona a pasos agigantados, hay un eslab\u00f3n cr\u00edtico que ha quedado desprotegido: los entornos mainframe. Estas infraestructuras, que gestionan m\u00e1s del 70% de los datos corporativos a nivel global, dependen de &#8230; <a title=\"Sobre Nosotros\" class=\"read-more\" href=\"https:\/\/www.go2bsecure.com\/es\/sobre-nosotros\/\" aria-label=\"Leer m\u00e1s sobre Sobre Nosotros\">Leer m\u00e1s<\/a>","protected":false},"author":1,"featured_media":0,"parent":0,"menu_order":0,"comment_status":"closed","ping_status":"closed","template":"template-full-width.php","meta":{"_acf_changed":false,"footnotes":""},"class_list":["post-168","page","type-page","status-publish"],"acf":[],"yoast_head":"<!-- This site is optimized with the Yoast SEO Premium plugin v26.0 (Yoast SEO v26.0) - https:\/\/yoast.com\/wordpress\/plugins\/seo\/ -->\n<title>Sobre Bsecure<\/title>\n<meta name=\"description\" content=\"Descubre la misi\u00f3n de Bsecure: auditor\u00edas automatizadas para Z\/OS y cumplimiento normativo con innovaci\u00f3n, precisi\u00f3n y experiencia.\" \/>\n<meta name=\"robots\" content=\"index, follow, max-snippet:-1, max-image-preview:large, max-video-preview:-1\" \/>\n<link rel=\"canonical\" href=\"https:\/\/www.go2bsecure.com\/es\/sobre-nosotros\/\" \/>\n<meta property=\"og:locale\" content=\"es_ES\" \/>\n<meta property=\"og:type\" content=\"article\" \/>\n<meta property=\"og:title\" content=\"Sobre Nosotros\" \/>\n<meta property=\"og:description\" content=\"Descubre la misi\u00f3n de Bsecure: auditor\u00edas automatizadas para Z\/OS y cumplimiento normativo con innovaci\u00f3n, precisi\u00f3n y experiencia.\" \/>\n<meta property=\"og:url\" content=\"https:\/\/www.go2bsecure.com\/es\/sobre-nosotros\/\" \/>\n<meta property=\"og:site_name\" content=\"Go2bSecure\" \/>\n<meta property=\"article:modified_time\" content=\"2025-07-29T13:33:01+00:00\" \/>\n<meta name=\"twitter:card\" content=\"summary_large_image\" \/>\n<meta name=\"twitter:label1\" content=\"Tiempo de lectura\" \/>\n\t<meta name=\"twitter:data1\" content=\"3 minutos\" \/>\n<script type=\"application\/ld+json\" class=\"yoast-schema-graph\">{\"@context\":\"https:\/\/schema.org\",\"@graph\":[{\"@type\":\"WebPage\",\"@id\":\"https:\/\/www.go2bsecure.com\/es\/sobre-nosotros\/\",\"url\":\"https:\/\/www.go2bsecure.com\/es\/sobre-nosotros\/\",\"name\":\"Sobre Bsecure\",\"isPartOf\":{\"@id\":\"https:\/\/www.go2bsecure.com\/es\/#website\"},\"datePublished\":\"2025-05-02T10:48:58+00:00\",\"dateModified\":\"2025-07-29T13:33:01+00:00\",\"description\":\"Descubre la misi\u00f3n de Bsecure: auditor\u00edas automatizadas para Z\/OS y cumplimiento normativo con innovaci\u00f3n, precisi\u00f3n y experiencia.\",\"breadcrumb\":{\"@id\":\"https:\/\/www.go2bsecure.com\/es\/sobre-nosotros\/#breadcrumb\"},\"inLanguage\":\"es\",\"potentialAction\":[{\"@type\":\"ReadAction\",\"target\":[\"https:\/\/www.go2bsecure.com\/es\/sobre-nosotros\/\"]}]},{\"@type\":\"BreadcrumbList\",\"@id\":\"https:\/\/www.go2bsecure.com\/es\/sobre-nosotros\/#breadcrumb\",\"itemListElement\":[{\"@type\":\"ListItem\",\"position\":1,\"name\":\"Portada\",\"item\":\"https:\/\/www.go2bsecure.com\/es\/\"},{\"@type\":\"ListItem\",\"position\":2,\"name\":\"Sobre Nosotros\"}]},{\"@type\":\"WebSite\",\"@id\":\"https:\/\/www.go2bsecure.com\/es\/#website\",\"url\":\"https:\/\/www.go2bsecure.com\/es\/\",\"name\":\"Go2bSecure\",\"description\":\"\",\"publisher\":{\"@id\":\"https:\/\/www.go2bsecure.com\/es\/#organization\"},\"potentialAction\":[{\"@type\":\"SearchAction\",\"target\":{\"@type\":\"EntryPoint\",\"urlTemplate\":\"https:\/\/www.go2bsecure.com\/es\/?s={search_term_string}\"},\"query-input\":{\"@type\":\"PropertyValueSpecification\",\"valueRequired\":true,\"valueName\":\"search_term_string\"}}],\"inLanguage\":\"es\"},{\"@type\":\"Organization\",\"@id\":\"https:\/\/www.go2bsecure.com\/es\/#organization\",\"name\":\"Go2bSecure\",\"url\":\"https:\/\/www.go2bsecure.com\/es\/\",\"logo\":{\"@type\":\"ImageObject\",\"inLanguage\":\"es\",\"@id\":\"https:\/\/www.go2bsecure.com\/es\/#\/schema\/logo\/image\/\",\"url\":\"https:\/\/www.go2bsecure.com\/wp-content\/uploads\/2025\/06\/Bsecure-logo-color-x1.png\",\"contentUrl\":\"https:\/\/www.go2bsecure.com\/wp-content\/uploads\/2025\/06\/Bsecure-logo-color-x1.png\",\"width\":198,\"height\":46,\"caption\":\"Go2bSecure\"},\"image\":{\"@id\":\"https:\/\/www.go2bsecure.com\/es\/#\/schema\/logo\/image\/\"}}]}<\/script>\n<!-- \/ Yoast SEO Premium plugin. -->","yoast_head_json":{"title":"Sobre Bsecure","description":"Descubre la misi\u00f3n de Bsecure: auditor\u00edas automatizadas para Z\/OS y cumplimiento normativo con innovaci\u00f3n, precisi\u00f3n y experiencia.","robots":{"index":"index","follow":"follow","max-snippet":"max-snippet:-1","max-image-preview":"max-image-preview:large","max-video-preview":"max-video-preview:-1"},"canonical":"https:\/\/www.go2bsecure.com\/es\/sobre-nosotros\/","og_locale":"es_ES","og_type":"article","og_title":"Sobre Nosotros","og_description":"Descubre la misi\u00f3n de Bsecure: auditor\u00edas automatizadas para Z\/OS y cumplimiento normativo con innovaci\u00f3n, precisi\u00f3n y experiencia.","og_url":"https:\/\/www.go2bsecure.com\/es\/sobre-nosotros\/","og_site_name":"Go2bSecure","article_modified_time":"2025-07-29T13:33:01+00:00","twitter_card":"summary_large_image","twitter_misc":{"Tiempo de lectura":"3 minutos"},"schema":{"@context":"https:\/\/schema.org","@graph":[{"@type":"WebPage","@id":"https:\/\/www.go2bsecure.com\/es\/sobre-nosotros\/","url":"https:\/\/www.go2bsecure.com\/es\/sobre-nosotros\/","name":"Sobre Bsecure","isPartOf":{"@id":"https:\/\/www.go2bsecure.com\/es\/#website"},"datePublished":"2025-05-02T10:48:58+00:00","dateModified":"2025-07-29T13:33:01+00:00","description":"Descubre la misi\u00f3n de Bsecure: auditor\u00edas automatizadas para Z\/OS y cumplimiento normativo con innovaci\u00f3n, precisi\u00f3n y experiencia.","breadcrumb":{"@id":"https:\/\/www.go2bsecure.com\/es\/sobre-nosotros\/#breadcrumb"},"inLanguage":"es","potentialAction":[{"@type":"ReadAction","target":["https:\/\/www.go2bsecure.com\/es\/sobre-nosotros\/"]}]},{"@type":"BreadcrumbList","@id":"https:\/\/www.go2bsecure.com\/es\/sobre-nosotros\/#breadcrumb","itemListElement":[{"@type":"ListItem","position":1,"name":"Portada","item":"https:\/\/www.go2bsecure.com\/es\/"},{"@type":"ListItem","position":2,"name":"Sobre Nosotros"}]},{"@type":"WebSite","@id":"https:\/\/www.go2bsecure.com\/es\/#website","url":"https:\/\/www.go2bsecure.com\/es\/","name":"Go2bSecure","description":"","publisher":{"@id":"https:\/\/www.go2bsecure.com\/es\/#organization"},"potentialAction":[{"@type":"SearchAction","target":{"@type":"EntryPoint","urlTemplate":"https:\/\/www.go2bsecure.com\/es\/?s={search_term_string}"},"query-input":{"@type":"PropertyValueSpecification","valueRequired":true,"valueName":"search_term_string"}}],"inLanguage":"es"},{"@type":"Organization","@id":"https:\/\/www.go2bsecure.com\/es\/#organization","name":"Go2bSecure","url":"https:\/\/www.go2bsecure.com\/es\/","logo":{"@type":"ImageObject","inLanguage":"es","@id":"https:\/\/www.go2bsecure.com\/es\/#\/schema\/logo\/image\/","url":"https:\/\/www.go2bsecure.com\/wp-content\/uploads\/2025\/06\/Bsecure-logo-color-x1.png","contentUrl":"https:\/\/www.go2bsecure.com\/wp-content\/uploads\/2025\/06\/Bsecure-logo-color-x1.png","width":198,"height":46,"caption":"Go2bSecure"},"image":{"@id":"https:\/\/www.go2bsecure.com\/es\/#\/schema\/logo\/image\/"}}]}},"_links":{"self":[{"href":"https:\/\/www.go2bsecure.com\/es\/wp-json\/wp\/v2\/pages\/168","targetHints":{"allow":["GET"]}}],"collection":[{"href":"https:\/\/www.go2bsecure.com\/es\/wp-json\/wp\/v2\/pages"}],"about":[{"href":"https:\/\/www.go2bsecure.com\/es\/wp-json\/wp\/v2\/types\/page"}],"author":[{"embeddable":true,"href":"https:\/\/www.go2bsecure.com\/es\/wp-json\/wp\/v2\/users\/1"}],"replies":[{"embeddable":true,"href":"https:\/\/www.go2bsecure.com\/es\/wp-json\/wp\/v2\/comments?post=168"}],"version-history":[{"count":3,"href":"https:\/\/www.go2bsecure.com\/es\/wp-json\/wp\/v2\/pages\/168\/revisions"}],"predecessor-version":[{"id":851,"href":"https:\/\/www.go2bsecure.com\/es\/wp-json\/wp\/v2\/pages\/168\/revisions\/851"}],"wp:attachment":[{"href":"https:\/\/www.go2bsecure.com\/es\/wp-json\/wp\/v2\/media?parent=168"}],"curies":[{"name":"wp","href":"https:\/\/api.w.org\/{rel}","templated":true}]}}