{"id":258,"date":"2025-05-20T10:17:12","date_gmt":"2025-05-20T08:17:12","guid":{"rendered":"https:\/\/www.go2bsecure.com\/?page_id=258"},"modified":"2025-07-29T14:34:12","modified_gmt":"2025-07-29T12:34:12","slug":"cursos-z-os","status":"publish","type":"page","link":"https:\/\/www.go2bsecure.com\/es\/cursos-z-os\/","title":{"rendered":"Cursos z\/OS"},"content":{"rendered":"<section id=\"page-header\" class=\"container space\">\r\n\t<div class=\"wrapper\">\r\n\t\t<h1>Bsecure_University <br>Domine el Hacking \u00c9tico en Mainframe<\/h1>\r\n\t<\/div>\r\n<\/section>\r\n\r\n<section id=\"content-center\" class=\"container space\">\r\n\t<div class=\"wrapper\">\r\n\t\t<div class=\"reduce-width\">\r\n\t\t\t<p>En <b>Bsecure University<\/b> ofrecemos formaci\u00f3n especializada en seguridad, auditor\u00eda y administraci\u00f3n de entornos <b>z\/OS y Mainframe<\/b>. Nuestros cursos de hacking \u00e9tico est\u00e1n dise\u00f1ados para <b>profesionales de seguridad, auditores, administradores de sistemas y equipos t\u00e9cnicos<\/b> que buscan fortalecer sus conocimientos y habilidades en estas infraestructuras cr\u00edticas.<\/p>\r\n\t\t<\/div>\r\n\t<\/div>\r\n<\/section>\r\n\r\n<section id=\"two-columns\" class=\"container space\">\r\n\t<div class=\"wrapper\">\r\n\t\t<div class=\"grid\">\r\n\t\t\t<div class=\"left column no-resize\">\r\n\t\t\t\t<h2 class=\"red\">MAINFRAME HACKING &#038; AUDITING MASTER 2024.<\/h2>\r\n\t\t\t\t<p>El \u00fanico M\u00e1ster en Seguridad, Hacking y Auditor\u00eda en entornos z\/OS con m\u00e1s de una d\u00e9cada formando a profesionales. F\u00f3rmese con nuestros cursos de hacking \u00e9tico y ciberseguridad.<\/p>\r\n\t\t\t<\/div>\r\n\t\t\t<div class=\"right column center\">\r\n\t\t\t\t<h3>\u00bfPor qu\u00e9 elegir este curso?<\/h3>\r\n\t\t\t\t<ul class=\"list check dark\">\r\n\t\t\t\t\t<li><b>Experiencia comprobada:<\/b> Ha sido impartido a cientos de profesionales de la seguridad, auditor\u00eda y compliance durante los \u00faltimos diez a\u00f1os.<\/li>\r\n\t\t\t\t\t<li><b>Versi\u00f3n online:<\/b> Acceda a los contenidos desde cualquier parte del mundo y aprenda a su ritmo.<\/li>\r\n\t\t\t\t\t<li><b>Enfoque pr\u00e1ctico:<\/b> Cubrimos la falta de conocimiento en el sector debido a recortes presupuestarios y el retiro de expertos en mainframe.<\/li>\r\n\t\t\t\t\t<li><b>Accesible para todos:<\/b> Formaci\u00f3n de alto nivel a un costo asequible para la capacitaci\u00f3n de equipos de <b>Programadores de Sistemas, Auditores TI, CSO, CIO, CISO\u2026<\/b><\/li>\r\n\t\t\t\t\t<li><b>En ingl\u00e9s y espa\u00f1ol:<\/b> Formaci\u00f3n disponible en ambos idiomas.<\/li>\r\n\t\t\t\t<\/ul>\r\n\t\t\t\t<a href=\"\/es\/contacto\/\" class=\"btn\">Inscribete hoy<\/a>\r\n\t\t\t<\/div>\r\n\t\t<\/div>\r\n\t<\/div>\r\n<\/section>\r\n\r\n<section id=\"advantages\" class=\"container space\">\r\n\t<div class=\"wrapper\">\r\n\t\t<h2>Ventajas de estudiar con Bsecure University<\/h2>\r\n\t\t<div class=\"grid-advantages\">\r\n\t\t\t<card>\r\n\t\t\t\t<span class=\"icon formacion\"><\/span>\r\n\t\t\t\t<span class=\"title\">Formaci\u00f3n especializada en Mainframe:<\/span>\r\n\t\t\t\t<p>Cubrimos \u00e1reas cr\u00edticas como auditor\u00eda, seguridad y administraci\u00f3n de z\/OS.<\/p>\r\n\t\t\t<\/card>\r\n\t\t\t<card>\r\n\t\t\t\t<span class=\"icon metodologia\"><\/span>\r\n\t\t\t\t<span class=\"title\">Metodolog\u00eda pr\u00e1ctica:<\/span>\r\n\t\t\t\t<p>Aplicaci\u00f3n real de los conocimientos a trav\u00e9s de laboratorios y ejercicios pr\u00e1cticos.<\/p>\r\n\t\t\t<\/card>\r\n\t\t\t<card>\r\n\t\t\t\t<span class=\"icon expertos\"><\/span>\r\n\t\t\t\t<span class=\"title\">Expertos en la materia:<\/span>\r\n\t\t\t\t<p>Instructores con d\u00e9cadas de experiencia en entornos mainframe y seguridad.<\/p>\r\n\t\t\t<\/card>\r\n\t\t<\/div>\r\n    <\/div>\r\n<\/section>\r\n\r\n<section id=\"course-grid\" class=\"container gray\">\r\n\t<div class=\"wrapper\">\r\n\t\t<h2>Otros cursos de ciberseguridad y hacking \u00e9tico disponibles<\/h2>\r\n        <div class=\"owl-carousel owl-theme courses-slider-carousel\">\r\n\t\t\t<div class=\"item\">\r\n\t\t\t\t<span class=\"red-title\">VA-080<\/span>\r\n\t\t\t\t<h3>SMART HACKING Z\/OS WORKSHOP<\/h3>\r\n\t\t\t\t<div class=\"content\">\r\n\t\t\t\t\t<p>Curso <b>100% pr\u00e1ctico<\/b> sobre <b>t\u00e9cnicas de hacking en arquitecturas Mainframe<\/b>, impartido en Espa\u00f1a y M\u00e9xico cada 2 a\u00f1os.<\/p>\r\n\t\t\t\t\t<p><b class=\"title\">Modalidad:<\/b> Presencial<\/p>\r\n\t\t\t\t\t<p><b class=\"title\">Dirigido a:<\/b> Empresas y profesionales de seguridad.<\/p>\r\n\t\t\t\t\t<p><b class=\"title\">Idioma:<\/b> Espa\u00f1ol.<\/p>\r\n\t\t\t\t<\/div>\r\n\t\t\t\t<a href=\"\/es\/contacto\/\">M\u00e1s informaci\u00f3n<\/a>\r\n\t\t\t<\/div>\r\n\t\t\t<div class=\"item\">\r\n\t\t\t\t<span class=\"red-title\">VA-095<\/span>\r\n\t\t\t\t<h3>TRAINING IN RACF I (BASIC)<\/h3>\r\n\t\t\t\t<div class=\"content\">\r\n\t\t\t\t\t<p>Introducci\u00f3n a <b>RACF (Resource Access Control Facility)<\/b>, software de seguridad para z\/OS. Aprender\u00e1s a:<\/p>\r\n\t\t\t\t\t<ul>\r\n\t\t\t\t\t\t<li>Controlar accesos en z\/OS<\/li>\r\n\t\t\t\t\t\t<li>Proteger recursos y gestionar permisos<\/li>\r\n\t\t\t\t\t\t<li>Validar usuarios y registrar sus acciones.<\/li>\r\n\t\t\t\t\t<\/ul>\r\n\t\t\t\t\t<p><b class=\"title\">Modalidad:<\/b> Presencial<\/p>\r\n\t\t\t\t\t<p><b class=\"title\">Dirigido a:<\/b> Empresas y profesionales de seguridad.<\/p>\r\n\t\t\t\t\t<p><b class=\"title\">Idioma:<\/b> Espa\u00f1ol.<\/p>\r\n\t\t\t\t<\/div>\r\n\t\t\t\t<a href=\"\/es\/contacto\/\">M\u00e1s informaci\u00f3n<\/a>\r\n\t\t\t<\/div>\r\n\t\t\t<div class=\"item\">\r\n\t\t\t\t<span class=\"red-title\">VA-096<\/span>\r\n\t\t\t\t<h3>TRAINING IN RACF II (ADVANCED)<\/h3>\r\n\t\t\t\t<div class=\"content\">\r\n\t\t\t\t\t<p>Curso avanzado para administradores de <b>RACF<\/b> con pr\u00e1cticas en laboratorio. Incluye:<\/p>\r\n\t\t\t\t\t<ul>\r\n\t\t\t\t\t\t<li>Autenticaci\u00f3n de usuarios y autorizaci\u00f3n de recursos.<\/li>\r\n\t\t\t\t\t\t<li>Certificaci\u00f3n electr\u00f3nica y monitoreo de seguridad.<\/li>\r\n\t\t\t\t\t<\/ul>\r\n\t\t\t\t\t<p><b class=\"title\">Modalidad:<\/b> Presencial<\/p>\r\n\t\t\t\t\t<p><b class=\"title\">Dirigido a:<\/b> Profesionales que gestionan entornos RACF.<\/p>\r\n\t\t\t\t\t<p><b class=\"title\">Idioma:<\/b> Espa\u00f1ol.<\/p>\r\n\t\t\t\t<\/div>\r\n\t\t\t\t<a href=\"\/es\/contacto\/\">M\u00e1s informaci\u00f3n<\/a>\r\n\t\t\t<\/div>\r\n\t\t\t<div class=\"item\">\r\n\t\t\t\t<span class=\"red-title\">VA-097<\/span>\r\n\t\t\t\t<h3>TRAINING ABOUT RACF FACILITIES<\/h3>\r\n\t\t\t\t<div class=\"content\">\r\n\t\t\t\t\t<p>Profundizaci\u00f3n en las <b>herramientas avanzadas de RACF<\/b> para profesionales con experiencia previa en el sistema.<\/p>\r\n\t\t\t\t\t<p><b class=\"title\">Modalidad:<\/b> Presencial<\/p>\r\n\t\t\t\t\t<p><b class=\"title\">Dirigido a:<\/b> Administradores de seguridad en entornos RACF.<\/p>\r\n\t\t\t\t\t<p><b class=\"title\">Idioma:<\/b> Espa\u00f1ol.<\/p>\r\n\t\t\t\t<\/div>\r\n\t\t\t\t<a href=\"\/es\/contacto\/\">M\u00e1s informaci\u00f3n<\/a>\r\n\t\t\t<\/div>\r\n\t\t\t<div class=\"item\">\r\n\t\t\t\t<span class=\"red-title\">VA-110<\/span>\r\n\t\t\t\t<h3>TRAINING ABOUT Z\/OS I (BASIC)<\/h3>\r\n\t\t\t\t<div class=\"content\">\r\n\t\t\t\t\t<p>Curso introductorio sobre el sistema operativo z\/OS, utilizado en la mayor\u00eda de las empresas que gestionan grandes vol\u00famenes de datos.<\/p>\r\n\t\t\t\t\t<p><b class=\"title\">Modalidad:<\/b> Presencial<\/p>\r\n\t\t\t\t\t<p><b class=\"title\">Dirigido a:<\/b> Profesionales que deseen iniciarse en entornos Mainframe<\/p>\r\n\t\t\t\t\t<p><b class=\"title\">Idioma:<\/b> Espa\u00f1ol.<\/p>\r\n\t\t\t\t<\/div>\r\n\t\t\t\t<a href=\"\/es\/contacto\/\">M\u00e1s informaci\u00f3n<\/a>\r\n\t\t\t<\/div>\r\n\t\t<\/div>\r\n\t<\/div>\r\n<\/section>\r\n\r\n<section id=\"footer-cta\" class=\"container\">\r\n\t<div class=\"wrapper\">\r\n\t\t<h2>\u00a1Inscr\u00edbase y potencie sus conocimientos en entornos z\/OS!<\/h2>\r\n\t\t<p>Consulte disponibilidad y fechas de nuestros cursos.<\/p>\r\n\t\t<a href=\"\/es\/contacto\/\" class=\"btn white\">Solicite informaci\u00f3n<\/a>\r\n\t<\/div>\r\n<\/section>\r\n\r\n<section id=\"contact\" class=\"gray container\">\r\n    <div class=\"wrapper\">\r\n        <h2>Formulario de contacto<\/h2>\r\n\t\t\n<div class=\"wpcf7 no-js\" id=\"wpcf7-f264-o1\" lang=\"en-US\" dir=\"ltr\" data-wpcf7-id=\"264\">\n<div class=\"screen-reader-response\"><p role=\"status\" aria-live=\"polite\" aria-atomic=\"true\"><\/p> <ul><\/ul><\/div>\n<form action=\"\/es\/wp-json\/wp\/v2\/pages\/258#wpcf7-f264-o1\" method=\"post\" class=\"wpcf7-form init\" aria-label=\"Contact form\" novalidate=\"novalidate\" data-status=\"init\">\n<fieldset class=\"hidden-fields-container\"><input type=\"hidden\" name=\"_wpcf7\" value=\"264\" \/><input type=\"hidden\" name=\"_wpcf7_version\" value=\"6.1.1\" \/><input type=\"hidden\" name=\"_wpcf7_locale\" value=\"en_US\" \/><input type=\"hidden\" name=\"_wpcf7_unit_tag\" value=\"wpcf7-f264-o1\" \/><input type=\"hidden\" name=\"_wpcf7_container_post\" value=\"0\" \/><input type=\"hidden\" name=\"_wpcf7_posted_data_hash\" value=\"\" \/>\n<\/fieldset>\n<div class=\"two-columns\">\n\t<div class=\"left\">\n\t\t<p><label>Nombre*<\/label><br \/>\n<span class=\"wpcf7-form-control-wrap\" data-name=\"Name\"><input size=\"40\" maxlength=\"400\" class=\"wpcf7-form-control wpcf7-text wpcf7-validates-as-required\" aria-required=\"true\" aria-invalid=\"false\" value=\"\" type=\"text\" name=\"Name\" \/><\/span>\n\t\t<\/p>\n\t<\/div>\n\t<div class=\"right\">\n\t\t<p><label>Email*<\/label><br \/>\n<span class=\"wpcf7-form-control-wrap\" data-name=\"Email\"><input size=\"40\" maxlength=\"400\" class=\"wpcf7-form-control wpcf7-email wpcf7-validates-as-required wpcf7-text wpcf7-validates-as-email\" aria-required=\"true\" aria-invalid=\"false\" value=\"\" type=\"email\" name=\"Email\" \/><\/span>\n\t\t<\/p>\n\t<\/div>\n<\/div>\n<div class=\"two-columns\">\n\t<div class=\"left\">\n\t\t<p><label>Tel\u00e9fono*<\/label><br \/>\n<span class=\"wpcf7-form-control-wrap\" data-name=\"Phone\"><input size=\"40\" maxlength=\"400\" class=\"wpcf7-form-control wpcf7-tel wpcf7-validates-as-required wpcf7-text wpcf7-validates-as-tel\" aria-required=\"true\" aria-invalid=\"false\" value=\"\" type=\"tel\" name=\"Phone\" \/><\/span>\n\t\t<\/p>\n\t<\/div>\n\t<div class=\"right\">\n\t\t<p><label>Empresa<\/label><br \/>\n<span class=\"wpcf7-form-control-wrap\" data-name=\"Company\"><input size=\"40\" maxlength=\"400\" class=\"wpcf7-form-control wpcf7-text\" aria-invalid=\"false\" value=\"\" type=\"text\" name=\"Company\" \/><\/span>\n\t\t<\/p>\n\t<\/div>\n<\/div>\n<div class=\"one-column\">\n\t<div class=\"col\">\n\t\t<p><label>Mensaje*<\/label><br \/>\n<span class=\"wpcf7-form-control-wrap\" data-name=\"Message\"><textarea cols=\"40\" rows=\"10\" maxlength=\"2000\" class=\"wpcf7-form-control wpcf7-textarea wpcf7-validates-as-required\" aria-required=\"true\" aria-invalid=\"false\" name=\"Message\"><\/textarea><\/span>\n\t\t<\/p>\n\t<\/div>\n<\/div>\n<div class=\"acceptance-wrapper\">\n\t<p><span class=\"wpcf7-form-control-wrap\" data-name=\"Aceptacion\"><span class=\"wpcf7-form-control wpcf7-acceptance\"><span class=\"wpcf7-list-item\"><label><input type=\"checkbox\" name=\"Aceptacion\" value=\"1\" aria-invalid=\"false\" \/><span class=\"wpcf7-list-item-label\">He le\u00eddo y acepto la <a href=\"\/es\/politica-de-privacidad\/\">Pol\u00edtica de Privacidad<\/a>.<\/span><\/label><\/span><\/span><\/span>\n\t<\/p>\n<\/div>\n<p><input class=\"wpcf7-form-control wpcf7-submit has-spinner btn\" type=\"submit\" value=\"Enviar\" \/>\n<\/p><div class=\"wpcf7-response-output\" aria-hidden=\"true\"><\/div>\n<\/form>\n<\/div>\n\r\n\t<\/div>\r\n<\/section>","protected":false},"excerpt":{"rendered":"Bsecure_University Domine el Hacking \u00c9tico en Mainframe En Bsecure University ofrecemos formaci\u00f3n especializada en seguridad, auditor\u00eda y administraci\u00f3n de entornos z\/OS y Mainframe. Nuestros cursos de hacking \u00e9tico est\u00e1n dise\u00f1ados para profesionales de seguridad, auditores, administradores de sistemas y equipos t\u00e9cnicos que buscan fortalecer sus conocimientos y habilidades en estas infraestructuras cr\u00edticas. MAINFRAME HACKING &#038; &#8230; <a title=\"Cursos z\/OS\" class=\"read-more\" href=\"https:\/\/www.go2bsecure.com\/es\/cursos-z-os\/\" aria-label=\"Leer m\u00e1s sobre Cursos z\/OS\">Leer m\u00e1s<\/a>","protected":false},"author":1,"featured_media":0,"parent":0,"menu_order":0,"comment_status":"closed","ping_status":"closed","template":"template-full-width.php","meta":{"_acf_changed":false,"footnotes":""},"class_list":["post-258","page","type-page","status-publish"],"acf":[],"yoast_head":"<!-- This site is optimized with the Yoast SEO Premium plugin v26.0 (Yoast SEO v26.0) - https:\/\/yoast.com\/wordpress\/plugins\/seo\/ -->\n<title>Cursos z\/OS en ciberseguridad y hacking \u00e9tico<\/title>\n<meta name=\"description\" content=\"Cursos z\/OS pr\u00e1cticos para formarte en ciberseguridad y hacking \u00e9tico. Aprende a realizar auditor\u00edas cumpliendo las normativas.\" \/>\n<meta name=\"robots\" content=\"index, follow, max-snippet:-1, max-image-preview:large, max-video-preview:-1\" \/>\n<link rel=\"canonical\" href=\"https:\/\/www.go2bsecure.com\/es\/cursos-z-os\/\" \/>\n<meta property=\"og:locale\" content=\"es_ES\" \/>\n<meta property=\"og:type\" content=\"article\" \/>\n<meta property=\"og:title\" content=\"Cursos z\/OS\" \/>\n<meta property=\"og:description\" content=\"Cursos z\/OS pr\u00e1cticos para formarte en ciberseguridad y hacking \u00e9tico. Aprende a realizar auditor\u00edas cumpliendo las normativas.\" \/>\n<meta property=\"og:url\" content=\"https:\/\/www.go2bsecure.com\/es\/cursos-z-os\/\" \/>\n<meta property=\"og:site_name\" content=\"Go2bSecure\" \/>\n<meta property=\"article:modified_time\" content=\"2025-07-29T12:34:12+00:00\" \/>\n<meta name=\"twitter:card\" content=\"summary_large_image\" \/>\n<meta name=\"twitter:label1\" content=\"Tiempo de lectura\" \/>\n\t<meta name=\"twitter:data1\" content=\"3 minutos\" \/>\n<script type=\"application\/ld+json\" class=\"yoast-schema-graph\">{\"@context\":\"https:\/\/schema.org\",\"@graph\":[{\"@type\":\"WebPage\",\"@id\":\"https:\/\/www.go2bsecure.com\/es\/cursos-z-os\/\",\"url\":\"https:\/\/www.go2bsecure.com\/es\/cursos-z-os\/\",\"name\":\"Cursos z\/OS en ciberseguridad y hacking \u00e9tico\",\"isPartOf\":{\"@id\":\"https:\/\/www.go2bsecure.com\/es\/#website\"},\"datePublished\":\"2025-05-20T08:17:12+00:00\",\"dateModified\":\"2025-07-29T12:34:12+00:00\",\"description\":\"Cursos z\/OS pr\u00e1cticos para formarte en ciberseguridad y hacking \u00e9tico. Aprende a realizar auditor\u00edas cumpliendo las normativas.\",\"breadcrumb\":{\"@id\":\"https:\/\/www.go2bsecure.com\/es\/cursos-z-os\/#breadcrumb\"},\"inLanguage\":\"es\",\"potentialAction\":[{\"@type\":\"ReadAction\",\"target\":[\"https:\/\/www.go2bsecure.com\/es\/cursos-z-os\/\"]}]},{\"@type\":\"BreadcrumbList\",\"@id\":\"https:\/\/www.go2bsecure.com\/es\/cursos-z-os\/#breadcrumb\",\"itemListElement\":[{\"@type\":\"ListItem\",\"position\":1,\"name\":\"Portada\",\"item\":\"https:\/\/www.go2bsecure.com\/es\/\"},{\"@type\":\"ListItem\",\"position\":2,\"name\":\"Cursos z\/OS\"}]},{\"@type\":\"WebSite\",\"@id\":\"https:\/\/www.go2bsecure.com\/es\/#website\",\"url\":\"https:\/\/www.go2bsecure.com\/es\/\",\"name\":\"Go2bSecure\",\"description\":\"\",\"publisher\":{\"@id\":\"https:\/\/www.go2bsecure.com\/es\/#organization\"},\"potentialAction\":[{\"@type\":\"SearchAction\",\"target\":{\"@type\":\"EntryPoint\",\"urlTemplate\":\"https:\/\/www.go2bsecure.com\/es\/?s={search_term_string}\"},\"query-input\":{\"@type\":\"PropertyValueSpecification\",\"valueRequired\":true,\"valueName\":\"search_term_string\"}}],\"inLanguage\":\"es\"},{\"@type\":\"Organization\",\"@id\":\"https:\/\/www.go2bsecure.com\/es\/#organization\",\"name\":\"Go2bSecure\",\"url\":\"https:\/\/www.go2bsecure.com\/es\/\",\"logo\":{\"@type\":\"ImageObject\",\"inLanguage\":\"es\",\"@id\":\"https:\/\/www.go2bsecure.com\/es\/#\/schema\/logo\/image\/\",\"url\":\"https:\/\/www.go2bsecure.com\/wp-content\/uploads\/2025\/06\/Bsecure-logo-color-x1.png\",\"contentUrl\":\"https:\/\/www.go2bsecure.com\/wp-content\/uploads\/2025\/06\/Bsecure-logo-color-x1.png\",\"width\":198,\"height\":46,\"caption\":\"Go2bSecure\"},\"image\":{\"@id\":\"https:\/\/www.go2bsecure.com\/es\/#\/schema\/logo\/image\/\"}}]}<\/script>\n<!-- \/ Yoast SEO Premium plugin. -->","yoast_head_json":{"title":"Cursos z\/OS en ciberseguridad y hacking \u00e9tico","description":"Cursos z\/OS pr\u00e1cticos para formarte en ciberseguridad y hacking \u00e9tico. Aprende a realizar auditor\u00edas cumpliendo las normativas.","robots":{"index":"index","follow":"follow","max-snippet":"max-snippet:-1","max-image-preview":"max-image-preview:large","max-video-preview":"max-video-preview:-1"},"canonical":"https:\/\/www.go2bsecure.com\/es\/cursos-z-os\/","og_locale":"es_ES","og_type":"article","og_title":"Cursos z\/OS","og_description":"Cursos z\/OS pr\u00e1cticos para formarte en ciberseguridad y hacking \u00e9tico. Aprende a realizar auditor\u00edas cumpliendo las normativas.","og_url":"https:\/\/www.go2bsecure.com\/es\/cursos-z-os\/","og_site_name":"Go2bSecure","article_modified_time":"2025-07-29T12:34:12+00:00","twitter_card":"summary_large_image","twitter_misc":{"Tiempo de lectura":"3 minutos"},"schema":{"@context":"https:\/\/schema.org","@graph":[{"@type":"WebPage","@id":"https:\/\/www.go2bsecure.com\/es\/cursos-z-os\/","url":"https:\/\/www.go2bsecure.com\/es\/cursos-z-os\/","name":"Cursos z\/OS en ciberseguridad y hacking \u00e9tico","isPartOf":{"@id":"https:\/\/www.go2bsecure.com\/es\/#website"},"datePublished":"2025-05-20T08:17:12+00:00","dateModified":"2025-07-29T12:34:12+00:00","description":"Cursos z\/OS pr\u00e1cticos para formarte en ciberseguridad y hacking \u00e9tico. Aprende a realizar auditor\u00edas cumpliendo las normativas.","breadcrumb":{"@id":"https:\/\/www.go2bsecure.com\/es\/cursos-z-os\/#breadcrumb"},"inLanguage":"es","potentialAction":[{"@type":"ReadAction","target":["https:\/\/www.go2bsecure.com\/es\/cursos-z-os\/"]}]},{"@type":"BreadcrumbList","@id":"https:\/\/www.go2bsecure.com\/es\/cursos-z-os\/#breadcrumb","itemListElement":[{"@type":"ListItem","position":1,"name":"Portada","item":"https:\/\/www.go2bsecure.com\/es\/"},{"@type":"ListItem","position":2,"name":"Cursos z\/OS"}]},{"@type":"WebSite","@id":"https:\/\/www.go2bsecure.com\/es\/#website","url":"https:\/\/www.go2bsecure.com\/es\/","name":"Go2bSecure","description":"","publisher":{"@id":"https:\/\/www.go2bsecure.com\/es\/#organization"},"potentialAction":[{"@type":"SearchAction","target":{"@type":"EntryPoint","urlTemplate":"https:\/\/www.go2bsecure.com\/es\/?s={search_term_string}"},"query-input":{"@type":"PropertyValueSpecification","valueRequired":true,"valueName":"search_term_string"}}],"inLanguage":"es"},{"@type":"Organization","@id":"https:\/\/www.go2bsecure.com\/es\/#organization","name":"Go2bSecure","url":"https:\/\/www.go2bsecure.com\/es\/","logo":{"@type":"ImageObject","inLanguage":"es","@id":"https:\/\/www.go2bsecure.com\/es\/#\/schema\/logo\/image\/","url":"https:\/\/www.go2bsecure.com\/wp-content\/uploads\/2025\/06\/Bsecure-logo-color-x1.png","contentUrl":"https:\/\/www.go2bsecure.com\/wp-content\/uploads\/2025\/06\/Bsecure-logo-color-x1.png","width":198,"height":46,"caption":"Go2bSecure"},"image":{"@id":"https:\/\/www.go2bsecure.com\/es\/#\/schema\/logo\/image\/"}}]}},"_links":{"self":[{"href":"https:\/\/www.go2bsecure.com\/es\/wp-json\/wp\/v2\/pages\/258","targetHints":{"allow":["GET"]}}],"collection":[{"href":"https:\/\/www.go2bsecure.com\/es\/wp-json\/wp\/v2\/pages"}],"about":[{"href":"https:\/\/www.go2bsecure.com\/es\/wp-json\/wp\/v2\/types\/page"}],"author":[{"embeddable":true,"href":"https:\/\/www.go2bsecure.com\/es\/wp-json\/wp\/v2\/users\/1"}],"replies":[{"embeddable":true,"href":"https:\/\/www.go2bsecure.com\/es\/wp-json\/wp\/v2\/comments?post=258"}],"version-history":[{"count":3,"href":"https:\/\/www.go2bsecure.com\/es\/wp-json\/wp\/v2\/pages\/258\/revisions"}],"predecessor-version":[{"id":814,"href":"https:\/\/www.go2bsecure.com\/es\/wp-json\/wp\/v2\/pages\/258\/revisions\/814"}],"wp:attachment":[{"href":"https:\/\/www.go2bsecure.com\/es\/wp-json\/wp\/v2\/media?parent=258"}],"curies":[{"name":"wp","href":"https:\/\/api.w.org\/{rel}","templated":true}]}}