{"id":277,"date":"2025-05-20T13:54:00","date_gmt":"2025-05-20T11:54:00","guid":{"rendered":"https:\/\/www.go2bsecure.com\/?page_id=277"},"modified":"2025-07-29T15:32:53","modified_gmt":"2025-07-29T13:32:53","slug":"partners","status":"publish","type":"page","link":"https:\/\/www.go2bsecure.com\/es\/partners\/","title":{"rendered":"Partners Estrat\u00e9gicos"},"content":{"rendered":"<section id=\"page-header\" class=\"container space\">\r\n\t<div class=\"wrapper\">\r\n\t\t<h1>Partners estrat\u00e9gicos en soluciones para Mainframe<\/h1>\r\n\t<\/div>\r\n<\/section>\r\n\r\n<section id=\"content-center\" class=\"container space\">\r\n\t<div class=\"wrapper\">\r\n\t\t<div class=\"reduce-width\">\r\n\t\t\t<p>En Bsecure, colaboramos con los l\u00edderes en tecnolog\u00eda y seguridad para mainframe, ofreciendo a nuestros clientes soluciones avanzadas y confiables. <b>Nuestros partners proporcionan herramientas clave para optimizar, proteger y gestionar infraestructuras z\/OS de manera eficiente<\/b>.<\/p>\r\n\t\t<\/div>\r\n\t<\/div>\r\n<\/section>\r\n\r\n<section id=\"partners-list\">\r\n\t<div class=\"partner-wrapper\">\r\n\t\t<article class=\"partner\">\r\n\t\t\t<section class=\"partner-wrapper\">\r\n\t\t\t\t<div class=\"col-title\">\r\n\t\t\t\t\t<img decoding=\"async\" src=\"\/wp-content\/uploads\/2025\/05\/ibm-logo.webp\" \/>\r\n\t\t\t\t\t<h2>IBM Partner Plus Solutions<\/h2>\r\n\t\t\t\t\t<p>IBM + Bsecure = Seguridad y rendimiento optimizados para mainframe.<\/p>\r\n\t\t\t\t<\/div>\r\n\t\t\t\t<div class=\"col-info\">\r\n\t\t\t\t\t<p>Como IBM Business Partners, ofrecemos acceso a un amplio cat\u00e1logo de soluciones para entornos z\/OS, incluyendo:<\/p>\r\n\t\t\t\t\t<ul class=\"list check dark\">\r\n\t\t\t\t\t\t<li>Sistemas operativos b\u00e1sicos.<\/li>\r\n\t\t\t\t\t\t<li>Subsistemas de soporte.<\/li>\r\n\t\t\t\t\t\t<li>Software de monitoreo y seguridad.<\/li>\r\n\t\t\t\t\t\t<li>Herramientas de planificaci\u00f3n y capacidad.<\/li>\r\n\t\t\t\t\t\t<li>Software de terceros dentro del IBM Global Directory.<\/li>\r\n\t\t\t\t\t<\/ul>\r\n\t\t\t\t<\/div>\r\n\t\t\t<\/section>\r\n\t\t<\/article>\r\n\t\t<article class=\"partner\">\r\n\t\t\t<section class=\"partner-wrapper reverse\">\r\n\t\t\t\t<div class=\"col-title\">\r\n\t\t\t\t\t<img decoding=\"async\" src=\"\/wp-content\/uploads\/2025\/05\/NetQ-logo.webp\" \/>\r\n\t\t\t\t\t<h2>Net\u2019Q \u2013 Expertos en seguridad digital<\/h2>\r\n\t\t\t\t\t<p>Protecci\u00f3n total para la infraestructura de red en z\/OS.<\/p>\r\n\t\t\t\t<\/div>\r\n\t\t\t\t<div class=\"col-info\">\r\n\t\t\t\t\t<p>Soluciones avanzadas para analizar, evaluar, optimizar y proteger redes complejas SNA\/TCPIP en mainframe.<\/p>\r\n\t\t\t\t\t<ul class=\"list check dark\">\r\n\t\t\t\t\t\t<li><b>Embassy:<\/b> Acceso seguro al mainframe sin contrase\u00f1as y con autenticaci\u00f3n multifactor (MFA).<\/li>\r\n\t\t\t\t\t\t<li><b>SNA\/APPN-EE Firewall:<\/b> Firewall para la interconexi\u00f3n de LPAR\/SYSPLEX\/CP.<\/li>\r\n\t\t\t\t\t\t<li><b>Net-Examine:<\/b> An\u00e1lisis de vulnerabilidades y riesgos de seguridad en conexiones SNA\/VTAM.<\/li>\r\n\t\t\t\t\t<\/ul>\r\n\t\t\t\t<\/div>\r\n\t\t\t<\/section>\r\n\t\t<\/article>\r\n\t\t<article class=\"partner\">\r\n\t\t\t<section class=\"partner-wrapper\">\r\n\t\t\t\t<div class=\"col-title\">\r\n\t\t\t\t\t<img decoding=\"async\" src=\"\/wp-content\/uploads\/2025\/05\/host-systems-logo.webp\" \/>\r\n\t\t\t\t\t<h2>Host Systems Solutions<\/h2>\r\n\t\t\t\t\t<p>Mejor rendimiento y eficiencia en la administraci\u00f3n de mainframe.<\/p>\r\n\t\t\t\t<\/div>\r\n\t\t\t\t<div class=\"col-info\">\r\n\t\t\t\t\t<p>L\u00edder en Alemania en software de gesti\u00f3n de cat\u00e1logos y optimizaci\u00f3n de sistemas z\/OS.<\/p>\r\n\t\t\t\t\t<ul class=\"list check dark\">\r\n\t\t\t\t\t\t<li><b>CIM (Catalog Information Manager):<\/b> Administraci\u00f3n avanzada de cat\u00e1logos.<\/li>\r\n\t\t\t\t\t\t<li><b>DSO (DASD Space Optimizer):<\/b> Optimizaci\u00f3n del espacio en discos.<\/li>\r\n\t\t\t\t\t\t<li><b>VIM (VSM-ASSIST):<\/b> Mejora la gesti\u00f3n de memoria virtual.<\/li>\r\n\t\t\t\t\t\t<li><b>CSM (Cross Sysplex Manager):<\/b> Gesti\u00f3n eficiente de Sysplex.<\/li>\r\n\t\t\t\t\t<\/ul>\r\n\t\t\t\t<\/div>\r\n\t\t\t<\/section>\r\n\t\t<\/article>\r\n\t\t<article class=\"partner\">\r\n\t\t\t<section class=\"partner-wrapper reverse\">\r\n\t\t\t\t<div class=\"col-title\">\r\n\t\t\t\t\t<img decoding=\"async\" src=\"\/wp-content\/uploads\/2025\/05\/vanguard-logo.webp\" \/>\r\n\t\t\t\t\t<h2>Vanguard Integrity Professionals<\/h2>\r\n\t\t\t\t\t<p>Cumplimiento normativo sin esfuerzo y m\u00e1xima seguridad.<\/p>\r\n\t\t\t\t<\/div>\r\n\t\t\t\t<div class=\"col-info\">\r\n\t\t\t\t\t<p>Automatizaci\u00f3n de seguridad en z\/OS con soluciones de auditor\u00eda y cumplimiento normativo.<\/p>\r\n\t\t\t\t\t<ul class=\"list check dark\">\r\n\t\t\t\t\t\t<li><b>Gesti\u00f3n de RACF:<\/b> Limpieza, administraci\u00f3n y control de seguridad.<\/li>\r\n\t\t\t\t\t\t<li><b>Software de auditor\u00eda y cumplimiento:<\/b> Pol\u00edticas de seguridad y reporting automatizado.<\/li>\r\n\t\t\t\t\t\t<li><b>Integraci\u00f3n y autenticaci\u00f3n:<\/b> ez\/Integrator, ez\/Token y ez\/signon.<\/li>\r\n\t\t\t\t\t<\/ul>\r\n\t\t\t\t<\/div>\r\n\t\t\t<\/section>\r\n\t\t<\/article>\r\n\t\t<article class=\"partner\">\r\n\t\t\t<section class=\"partner-wrapper\">\r\n\t\t\t\t<div class=\"col-title\">\r\n\t\t\t\t\t<img decoding=\"async\" src=\"\/wp-content\/uploads\/2025\/05\/SDS-logo.webp\" \/>\r\n\t\t\t\t\t<h2>SDS Solutions \u2013 Auditor\u00eda y seguridad en mainframe<\/h2>\r\n\t\t\t\t\t<p>Auditor\u00eda y visibilidad total en la red de mainframe.<\/p>\r\n\t\t\t\t<\/div>\r\n\t\t\t\t<div class=\"col-info\">\r\n\t\t\t\t\t<p>Soluciones l\u00edderes para monitoreo y seguridad en comunicaciones mainframe.<\/p>\r\n\t\t\t\t\t<ul class=\"list check dark\">\r\n\t\t\t\t\t\t<li><b>VitalSigns SIEM Agent\u2122 para z\/OS:<\/b> Integraci\u00f3n de z\/OS con SIEM corporativo.<\/li>\r\n\t\t\t\t\t\t<li><b>VFTP-SSH:<\/b> Seguridad y auditor\u00eda FTP en z\/OS.<\/li>\r\n\t\t\t\t\t\t<li><b>VitalSigns for IP\u2122:<\/b> Monitoreo de tr\u00e1fico IP en z\/OS.<\/li>\r\n\t\t\t\t\t\t<li><b>VitalSigns for VTAM\u2122:<\/b> Monitoreo de tr\u00e1fico SNA en z\/OS.<\/li>\r\n\t\t\t\t\t<\/ul>\r\n\t\t\t\t<\/div>\r\n\t\t\t<\/section>\r\n\t\t<\/article>\r\n\t\t<article class=\"partner\">\r\n\t\t\t<section class=\"partner-wrapper reverse\">\r\n\t\t\t\t<div class=\"col-title\">\r\n\t\t\t\t\t<img decoding=\"async\" src=\"\/wp-content\/uploads\/2025\/05\/ssh-logo.webp\" \/>\r\n\t\t\t\t\t<h2>SSH Suite \u2013 Control y acceso seguro<\/h2>\r\n\t\t\t\t\t<p>Gesti\u00f3n segura y centralizada de accesos cr\u00edticos.<\/p>\r\n\t\t\t\t<\/div>\r\n\t\t\t\t<div class=\"col-info\">\r\n\t\t\t\t\t<p>Soluciones de acceso y seguridad para entornos IT complejos, integrando mainframe, nube y redes empresariales.<\/p>\r\n\t\t\t\t\t<ul class=\"list check dark\">\r\n\t\t\t\t\t\t<li><b>SSH Risk Assessment:<\/b> Evaluaci\u00f3n de riesgos en entornos SSH.<\/li>\r\n\t\t\t\t\t\t<li><b>CryptoAuditor:<\/b> Auditor\u00eda de tr\u00e1fico cifrado.<\/li>\r\n\t\t\t\t\t\t<li><b>Universal SSH Key Manager:<\/b> Gesti\u00f3n avanzada de claves SSH.<\/li>\r\n\t\t\t\t\t\t<li><b>Tectia SSH:<\/b> Soluci\u00f3n de conectividad segura en mainframe.<\/li>\r\n\t\t\t\t\t<\/ul>\r\n\t\t\t\t<\/div>\r\n\t\t\t<\/section>\r\n\t\t<\/article>\r\n\t\t<article class=\"partner\">\r\n\t\t\t<section class=\"partner-wrapper\">\r\n\t\t\t\t<div class=\"col-title\">\r\n\t\t\t\t\t<img decoding=\"async\" src=\"\/wp-content\/uploads\/2025\/05\/RAZ-lee-logo.webp\" \/>\r\n\t\t\t\t\t<h2>RAZ-LEE Solutions \u2013 Seguridad en IBM iSeries<\/h2>\r\n\t\t\t\t\t<p>Seguridad integral para infraestructuras IBM iSeries.<\/p>\r\n\t\t\t\t<\/div>\r\n\t\t\t\t<div class=\"col-info\">\r\n\t\t\t\t\t<p>Protecci\u00f3n avanzada contra amenazas internas y accesos no autorizados.<\/p>\r\n\t\t\t\t\t<ul class=\"list check dark\">\r\n\t\t\t\t\t\t<li><b>Soporte SIEM y MFA.<\/b><\/li>\r\n\t\t\t\t\t\t<li><b>Firewall y cumplimiento normativo.<\/b><\/li>\r\n\t\t\t\t\t\t<li><b>Gesti\u00f3n de cambios y auditor\u00edas.<\/b><\/li>\r\n\t\t\t\t\t\t<li><b>Antivirus y protecci\u00f3n anti-ransomware.<\/b><\/li>\r\n\t\t\t\t\t<\/ul>\r\n\t\t\t\t<\/div>\r\n\t\t\t<\/section>\r\n\t\t<\/article>\r\n\t\t<article class=\"partner\">\r\n\t\t\t<section class=\"partner-wrapper reverse\">\r\n\t\t\t\t<div class=\"col-title\">\r\n\t\t\t\t\t<img decoding=\"async\" src=\"\/wp-content\/uploads\/2025\/05\/semperis-logo.webp\" \/>\r\n\t\t\t\t\t<h2>SEMPERIS \u2013 Protecci\u00f3n de Microsoft Active Directory<\/h2>\r\n\t\t\t\t\t<p>El mejor aliado en ciberseguridad para Microsoft AD.<\/p>\r\n\t\t\t\t<\/div>\r\n\t\t\t\t<div class=\"col-info\">\r\n\t\t\t\t\t<p>Soluciones para la seguridad y recuperaci\u00f3n del Directorio Activo, esencial en entornos empresariales.<\/p>\r\n\t\t\t\t\t<ul class=\"list check dark\">\r\n\t\t\t\t\t\t<li><b>Directory Services Protector:<\/b> Protecci\u00f3n en tiempo real contra ataques.<\/li>\r\n\t\t\t\t\t\t<li><b>Active Directory Forest Recovery:<\/b> Recuperaci\u00f3n r\u00e1pida ante incidentes.<\/li>\r\n\t\t\t\t\t<\/ul>\r\n\t\t\t\t<\/div>\r\n\t\t\t<\/section>\r\n\t\t<\/article>\r\n\t\t<article class=\"partner\">\r\n\t\t\t<section class=\"partner-wrapper\">\r\n\t\t\t\t<div class=\"col-title\">\r\n\t\t\t\t\t<img decoding=\"async\" src=\"\/wp-content\/uploads\/2025\/05\/DerSecur-logo.webp\" \/>\r\n\t\t\t\t\t<h2>DERSECUR Software \u2013 An\u00e1lisis de c\u00f3digo seguro<\/h2>\r\n\t\t\t\t\t<p>Visi\u00f3n avanzada en seguridad del software.<\/p>\r\n\t\t\t\t<\/div>\r\n\t\t\t\t<div class=\"col-info\">\r\n\t\t\t\t\t<p>L\u00edder en an\u00e1lisis de seguridad en c\u00f3digo fuente y cumplimiento normativo.<\/p>\r\n\t\t\t\t\t<ul class=\"list check dark\">\r\n\t\t\t\t\t\t<li><b>DERSCANNER:<\/b> Detecci\u00f3n de c\u00f3digo inseguro y malware.<\/li>\r\n\t\t\t\t\t\t<li><b>DERSCANNER Mobile:<\/b> Seguridad en aplicaciones m\u00f3viles.<\/li>\r\n\t\t\t\t\t\t<li><b>MFA &#8211; WWPASS:<\/b> Autenticaci\u00f3n multifactor avanzada.<\/li>\r\n\t\t\t\t\t<\/ul>\r\n\t\t\t\t<\/div>\r\n\t\t\t<\/section>\r\n\t\t<\/article>\r\n\t\t<article class=\"partner\">\r\n\t\t\t<section class=\"partner-wrapper reverse\">\r\n\t\t\t\t<div class=\"col-title\">\r\n\t\t\t\t\t<img decoding=\"async\" src=\"\/wp-content\/uploads\/2025\/05\/LigthSpin_logo.webp\" \/>\r\n\t\t\t\t\t<h2>LIGHTSPIN Software \u2013 Ciberdefensa y an\u00e1lisis de amenazas en la nube<\/h2>\r\n\t\t\t\t\t<p>Defensa cibern\u00e9tica proactiva en entornos h\u00edbridos y en la nube.<\/p>\r\n\t\t\t\t<\/div>\r\n\t\t\t\t<div class=\"col-info\">\r\n\t\t\t\t\t<p>Herramientas de predicci\u00f3n, visualizaci\u00f3n y detecci\u00f3n de rutas de ataque en infraestructuras cloud.<\/p>\r\n\t\t\t\t\t<ul class=\"list check dark\">\r\n\t\t\t\t\t\t<li><b>IAC Security: <\/b>Escaneo de repositorios.<\/li>\r\n\t\t\t\t\t\t<li><b>Compliance Framework Policies: <\/b>Cumplimiento normativo CSPM + KSPM.<\/li>\r\n\t\t\t\t\t\t<li><b>Workload Scanning: <\/b>An\u00e1lisis de im\u00e1genes Kubernetes.<\/li>\r\n\t\t\t\t\t\t<li><b>Attack Path Detection: <\/b>Detecci\u00f3n de rutas de ataque en entornos cloud.<\/li>\r\n\t\t\t\t\t<\/ul>\r\n\t\t\t\t<\/div>\r\n\t\t\t<\/section>\r\n\t\t<\/article>\r\n\t<\/div>\r\n<\/section>\r\n\r\n<section id=\"two-columns\" class=\"container cta\">\r\n\t<div class=\"wrapper\">\r\n\t\t<div class=\"grid\">\r\n\t\t\t<div class=\"left column\">\r\n\t\t\t\t<h2>Juntos, maximizamos la seguridad y eficiencia en Mainframe<\/h2>\t\t\t\t\r\n\t\t\t<\/div>\r\n\t\t\t<div class=\"right column center\">\r\n\t\t\t\t<p>Nuestra red de partners nos permite ofrecerte las soluciones m\u00e1s avanzadas en seguridad, auditor\u00eda y optimizaci\u00f3n para entornos z\/OS.<\/p>\r\n\t\t\t\t<p>Cont\u00e1ctenos para conocer c\u00f3mo podemos fortalecer la seguridad de su infraestructura mainframe con las mejores herramientas del mercado.<\/p>\r\n\t\t\t\t<a href=\"\/es\/contacto\/\" class=\"btn white\">Contacta<\/a>\r\n\t\t\t<\/div>\r\n\t\t<\/div>\r\n\t<\/div>\r\n<\/section>","protected":false},"excerpt":{"rendered":"Partners estrat\u00e9gicos en soluciones para Mainframe En Bsecure, colaboramos con los l\u00edderes en tecnolog\u00eda y seguridad para mainframe, ofreciendo a nuestros clientes soluciones avanzadas y confiables. Nuestros partners proporcionan herramientas clave para optimizar, proteger y gestionar infraestructuras z\/OS de manera eficiente. IBM Partner Plus Solutions IBM + Bsecure = Seguridad y rendimiento optimizados para mainframe. &#8230; <a title=\"Partners Estrat\u00e9gicos\" class=\"read-more\" href=\"https:\/\/www.go2bsecure.com\/es\/partners\/\" aria-label=\"Leer m\u00e1s sobre Partners Estrat\u00e9gicos\">Leer m\u00e1s<\/a>","protected":false},"author":1,"featured_media":0,"parent":0,"menu_order":0,"comment_status":"closed","ping_status":"closed","template":"template-full-width.php","meta":{"_acf_changed":false,"footnotes":""},"class_list":["post-277","page","type-page","status-publish"],"acf":[],"yoast_head":"<!-- This site is optimized with the Yoast SEO Premium plugin v26.0 (Yoast SEO v26.0) - https:\/\/yoast.com\/wordpress\/plugins\/seo\/ -->\n<title>Nuestros partners estrat\u00e9gicos<\/title>\n<meta name=\"description\" content=\"Convi\u00e9rtete en partner de Bsecure y accede a tecnolog\u00eda de vanguardia en ciberseguridad para mainframes. Impulsa tu propuesta de valor.\" \/>\n<meta name=\"robots\" content=\"index, follow, max-snippet:-1, max-image-preview:large, max-video-preview:-1\" \/>\n<link rel=\"canonical\" href=\"https:\/\/www.go2bsecure.com\/es\/partners\/\" \/>\n<meta property=\"og:locale\" content=\"es_ES\" \/>\n<meta property=\"og:type\" content=\"article\" \/>\n<meta property=\"og:title\" content=\"Partners Estrat\u00e9gicos\" \/>\n<meta property=\"og:description\" content=\"Convi\u00e9rtete en partner de Bsecure y accede a tecnolog\u00eda de vanguardia en ciberseguridad para mainframes. Impulsa tu propuesta de valor.\" \/>\n<meta property=\"og:url\" content=\"https:\/\/www.go2bsecure.com\/es\/partners\/\" \/>\n<meta property=\"og:site_name\" content=\"Go2bSecure\" \/>\n<meta property=\"article:modified_time\" content=\"2025-07-29T13:32:53+00:00\" \/>\n<meta name=\"twitter:card\" content=\"summary_large_image\" \/>\n<meta name=\"twitter:label1\" content=\"Tiempo de lectura\" \/>\n\t<meta name=\"twitter:data1\" content=\"5 minutos\" \/>\n<script type=\"application\/ld+json\" class=\"yoast-schema-graph\">{\"@context\":\"https:\/\/schema.org\",\"@graph\":[{\"@type\":\"WebPage\",\"@id\":\"https:\/\/www.go2bsecure.com\/es\/partners\/\",\"url\":\"https:\/\/www.go2bsecure.com\/es\/partners\/\",\"name\":\"Nuestros partners estrat\u00e9gicos\",\"isPartOf\":{\"@id\":\"https:\/\/www.go2bsecure.com\/es\/#website\"},\"datePublished\":\"2025-05-20T11:54:00+00:00\",\"dateModified\":\"2025-07-29T13:32:53+00:00\",\"description\":\"Convi\u00e9rtete en partner de Bsecure y accede a tecnolog\u00eda de vanguardia en ciberseguridad para mainframes. Impulsa tu propuesta de valor.\",\"breadcrumb\":{\"@id\":\"https:\/\/www.go2bsecure.com\/es\/partners\/#breadcrumb\"},\"inLanguage\":\"es\",\"potentialAction\":[{\"@type\":\"ReadAction\",\"target\":[\"https:\/\/www.go2bsecure.com\/es\/partners\/\"]}]},{\"@type\":\"BreadcrumbList\",\"@id\":\"https:\/\/www.go2bsecure.com\/es\/partners\/#breadcrumb\",\"itemListElement\":[{\"@type\":\"ListItem\",\"position\":1,\"name\":\"Portada\",\"item\":\"https:\/\/www.go2bsecure.com\/es\/\"},{\"@type\":\"ListItem\",\"position\":2,\"name\":\"Partners Estrat\u00e9gicos\"}]},{\"@type\":\"WebSite\",\"@id\":\"https:\/\/www.go2bsecure.com\/es\/#website\",\"url\":\"https:\/\/www.go2bsecure.com\/es\/\",\"name\":\"Go2bSecure\",\"description\":\"\",\"publisher\":{\"@id\":\"https:\/\/www.go2bsecure.com\/es\/#organization\"},\"potentialAction\":[{\"@type\":\"SearchAction\",\"target\":{\"@type\":\"EntryPoint\",\"urlTemplate\":\"https:\/\/www.go2bsecure.com\/es\/?s={search_term_string}\"},\"query-input\":{\"@type\":\"PropertyValueSpecification\",\"valueRequired\":true,\"valueName\":\"search_term_string\"}}],\"inLanguage\":\"es\"},{\"@type\":\"Organization\",\"@id\":\"https:\/\/www.go2bsecure.com\/es\/#organization\",\"name\":\"Go2bSecure\",\"url\":\"https:\/\/www.go2bsecure.com\/es\/\",\"logo\":{\"@type\":\"ImageObject\",\"inLanguage\":\"es\",\"@id\":\"https:\/\/www.go2bsecure.com\/es\/#\/schema\/logo\/image\/\",\"url\":\"https:\/\/www.go2bsecure.com\/wp-content\/uploads\/2025\/06\/Bsecure-logo-color-x1.png\",\"contentUrl\":\"https:\/\/www.go2bsecure.com\/wp-content\/uploads\/2025\/06\/Bsecure-logo-color-x1.png\",\"width\":198,\"height\":46,\"caption\":\"Go2bSecure\"},\"image\":{\"@id\":\"https:\/\/www.go2bsecure.com\/es\/#\/schema\/logo\/image\/\"}}]}<\/script>\n<!-- \/ Yoast SEO Premium plugin. -->","yoast_head_json":{"title":"Nuestros partners estrat\u00e9gicos","description":"Convi\u00e9rtete en partner de Bsecure y accede a tecnolog\u00eda de vanguardia en ciberseguridad para mainframes. Impulsa tu propuesta de valor.","robots":{"index":"index","follow":"follow","max-snippet":"max-snippet:-1","max-image-preview":"max-image-preview:large","max-video-preview":"max-video-preview:-1"},"canonical":"https:\/\/www.go2bsecure.com\/es\/partners\/","og_locale":"es_ES","og_type":"article","og_title":"Partners Estrat\u00e9gicos","og_description":"Convi\u00e9rtete en partner de Bsecure y accede a tecnolog\u00eda de vanguardia en ciberseguridad para mainframes. Impulsa tu propuesta de valor.","og_url":"https:\/\/www.go2bsecure.com\/es\/partners\/","og_site_name":"Go2bSecure","article_modified_time":"2025-07-29T13:32:53+00:00","twitter_card":"summary_large_image","twitter_misc":{"Tiempo de lectura":"5 minutos"},"schema":{"@context":"https:\/\/schema.org","@graph":[{"@type":"WebPage","@id":"https:\/\/www.go2bsecure.com\/es\/partners\/","url":"https:\/\/www.go2bsecure.com\/es\/partners\/","name":"Nuestros partners estrat\u00e9gicos","isPartOf":{"@id":"https:\/\/www.go2bsecure.com\/es\/#website"},"datePublished":"2025-05-20T11:54:00+00:00","dateModified":"2025-07-29T13:32:53+00:00","description":"Convi\u00e9rtete en partner de Bsecure y accede a tecnolog\u00eda de vanguardia en ciberseguridad para mainframes. Impulsa tu propuesta de valor.","breadcrumb":{"@id":"https:\/\/www.go2bsecure.com\/es\/partners\/#breadcrumb"},"inLanguage":"es","potentialAction":[{"@type":"ReadAction","target":["https:\/\/www.go2bsecure.com\/es\/partners\/"]}]},{"@type":"BreadcrumbList","@id":"https:\/\/www.go2bsecure.com\/es\/partners\/#breadcrumb","itemListElement":[{"@type":"ListItem","position":1,"name":"Portada","item":"https:\/\/www.go2bsecure.com\/es\/"},{"@type":"ListItem","position":2,"name":"Partners Estrat\u00e9gicos"}]},{"@type":"WebSite","@id":"https:\/\/www.go2bsecure.com\/es\/#website","url":"https:\/\/www.go2bsecure.com\/es\/","name":"Go2bSecure","description":"","publisher":{"@id":"https:\/\/www.go2bsecure.com\/es\/#organization"},"potentialAction":[{"@type":"SearchAction","target":{"@type":"EntryPoint","urlTemplate":"https:\/\/www.go2bsecure.com\/es\/?s={search_term_string}"},"query-input":{"@type":"PropertyValueSpecification","valueRequired":true,"valueName":"search_term_string"}}],"inLanguage":"es"},{"@type":"Organization","@id":"https:\/\/www.go2bsecure.com\/es\/#organization","name":"Go2bSecure","url":"https:\/\/www.go2bsecure.com\/es\/","logo":{"@type":"ImageObject","inLanguage":"es","@id":"https:\/\/www.go2bsecure.com\/es\/#\/schema\/logo\/image\/","url":"https:\/\/www.go2bsecure.com\/wp-content\/uploads\/2025\/06\/Bsecure-logo-color-x1.png","contentUrl":"https:\/\/www.go2bsecure.com\/wp-content\/uploads\/2025\/06\/Bsecure-logo-color-x1.png","width":198,"height":46,"caption":"Go2bSecure"},"image":{"@id":"https:\/\/www.go2bsecure.com\/es\/#\/schema\/logo\/image\/"}}]}},"_links":{"self":[{"href":"https:\/\/www.go2bsecure.com\/es\/wp-json\/wp\/v2\/pages\/277","targetHints":{"allow":["GET"]}}],"collection":[{"href":"https:\/\/www.go2bsecure.com\/es\/wp-json\/wp\/v2\/pages"}],"about":[{"href":"https:\/\/www.go2bsecure.com\/es\/wp-json\/wp\/v2\/types\/page"}],"author":[{"embeddable":true,"href":"https:\/\/www.go2bsecure.com\/es\/wp-json\/wp\/v2\/users\/1"}],"replies":[{"embeddable":true,"href":"https:\/\/www.go2bsecure.com\/es\/wp-json\/wp\/v2\/comments?post=277"}],"version-history":[{"count":4,"href":"https:\/\/www.go2bsecure.com\/es\/wp-json\/wp\/v2\/pages\/277\/revisions"}],"predecessor-version":[{"id":850,"href":"https:\/\/www.go2bsecure.com\/es\/wp-json\/wp\/v2\/pages\/277\/revisions\/850"}],"wp:attachment":[{"href":"https:\/\/www.go2bsecure.com\/es\/wp-json\/wp\/v2\/media?parent=277"}],"curies":[{"name":"wp","href":"https:\/\/api.w.org\/{rel}","templated":true}]}}