{"id":336,"date":"2025-05-22T11:48:02","date_gmt":"2025-05-22T09:48:02","guid":{"rendered":"https:\/\/www.go2bsecure.com\/?page_id=336"},"modified":"2025-07-29T15:25:37","modified_gmt":"2025-07-29T13:25:37","slug":"normativa-gdpr","status":"publish","type":"page","link":"https:\/\/www.go2bsecure.com\/es\/normativa\/normativa-gdpr\/","title":{"rendered":"Normativa GDPR"},"content":{"rendered":"<section id=\"page-header\" class=\"container space\">\r\n\t<div class=\"wrapper\">\r\n\t\t<h1>Normativa GDPR<\/h1>\r\n\t<\/div>\r\n<\/section>\r\n\r\n<section id=\"two-columns\" class=\"container space\">\r\n\t<div class=\"wrapper\">\r\n\t\t<div class=\"grid left-large\">\r\n\t\t\t<div class=\"left column\">\r\n\t\t\t\t<h2>\u00bfQu\u00e9 es el <span>RGPD (GDPR)<\/span>?<\/h2>\r\n\t\t\t\t<p>El <strong>RGPD<\/strong> o <strong>GDPR<\/strong> (por sus siglas en ingl\u00e9s) es el <strong>Reglamento General de Protecci\u00f3n de Datos<\/strong> aprobado por la Uni\u00f3n Europea (Reglamento UE 2016\/679).<\/p>\r\n\t\t\t\t<p>Este reglamento garantiza la protecci\u00f3n de los datos personales de los ciudadanos europeos, otorg\u00e1ndoles control sobre su informaci\u00f3n y obligando a las organizaciones a gestionarla de forma l\u00edcita, transparente y segura.<\/p>\r\n\t\t\t\t<h2>\u00bfPor qu\u00e9 es importante cumplir con el reglamento de protecci\u00f3n de datos?<\/h2>\r\n\t\t\t\t<p>El <strong>RGPD<\/strong> impone obligaciones estrictas, como el consentimiento expl\u00edcito, derecho al olvido, portabilidad de datos y notificaci\u00f3n de brechas.<\/p>\r\n\t\t\t\t<p>No cumplir con el reglamento 2016\/679 puede suponer multas de hasta <strong>20 millones de euros<\/strong> o el <strong>4% de la facturaci\u00f3n global<\/strong>, adem\u00e1s de causar un grave da\u00f1o reputacional.<\/p>\r\n\t\t\t<\/div>\r\n\t\t\t<div class=\"right column center\">\r\n\t\t\t\t<img decoding=\"async\" src=\"\/wp-content\/uploads\/2025\/05\/\u00bfQue-es-el-RGPD-GDPR_-scaled.jpg\" alt=\"\u00bfQu\u00e9 es el RGPD (GDPR)?\" \/>\r\n\t\t\t<\/div>\r\n\t\t<\/div>\r\n\t<\/div>\r\n<\/section>\r\n\r\n<section id=\"two-columns\" class=\"container space\">\r\n\t<div class=\"wrapper\">\r\n\t\t<div class=\"grid\">\r\n\t\t\t<div class=\"left column\">\r\n\t\t\t\t<card class=\"card-gray\">\r\n\t\t\t\t\t<span class=\"title\">\u00bfA qui\u00e9n afecta el reglamento GDPR?<\/span>\r\n\t\t\t\t\t<ul class=\"ok\">\r\n\t\t\t\t\t\t<li>Empresas que gestionan datos personales de clientes, empleados o usuarios<\/li>\r\n\t\t\t\t\t\t<li>Plataformas digitales, apps y servicios en la nube<\/li>\r\n\t\t\t\t\t\t<li>Organizaciones p\u00fablicas y privadas que procesan grandes vol\u00famenes de datos<\/li>\r\n\t\t\t\t\t\t<li>Proveedores y terceros responsables del tratamiento<\/li>\r\n\t\t\t\t\t\t<li>Empresas fuera de la UE que ofrecen productos o servicios a ciudadanos europeos<\/li>\r\n\t\t\t\t\t<\/ul>\r\n\t\t\t\t<\/card>\r\n\t\t\t<\/div>\r\n\t\t\t<div class=\"right column\">\r\n\t\t\t\t<card class=\"card-gray\">\r\n\t\t\t\t\t<span class=\"title\">Consecuencias de no cumplir con el reglamento 2016\/679<\/span>\r\n\t\t\t\t\t<ul class=\"no-ok\">\r\n\t\t\t\t\t\t<li>Multas elevadas impuestas por autoridades de protecci\u00f3n de datos<\/li>\r\n\t\t\t\t\t\t<li>Reclamaciones legales por parte de titulares de datos<\/li>\r\n\t\t\t\t\t\t<li>P\u00e9rdida de confianza de usuarios, socios e inversores<\/li>\r\n\t\t\t\t\t\t<li>Prohibici\u00f3n para seguir realizando tratamientos de datos<\/li>\r\n\t\t\t\t\t\t<li>Da\u00f1o reputacional significativo<\/li>\r\n\t\t\t\t\t<\/ul>\r\n\t\t\t\t<\/card>\r\n\t\t\t<\/div>\r\n\t\t<\/div>\r\n\t<\/div>\r\n<\/section>\r\n\r\n<section id=\"two-columns\" class=\"container gray space\">\r\n\t<div class=\"wrapper-one-column\">\r\n\t\t<h2>Cumple con el GDPR gracias a Bsecure<\/h2>\r\n\t\t<p>En <strong>Bsecure<\/strong> ofrecemos soluciones tecnol\u00f3gicas que combinan automatizaci\u00f3n, seguridad de la informaci\u00f3n y trazabilidad para facilitar el cumplimiento del <strong>RGPD<\/strong>.<\/p>\r\n\t<\/div>\r\n\t<div class=\"wrapper\">\r\n\t\t<div class=\"grid\">\r\n\t\t\t<div class=\"left column\">\r\n\t\t\t\t<h3>DataPASS: supervisi\u00f3n y cumplimiento automatizado del RGPD<\/h3>\r\n\t\t\t\t<p>Con <strong>DataPASS<\/strong> podr\u00e1s:<\/p>\r\n\t\t\t\t<a class=\"btn\" href=\"\/es\/datapass\/\">M\u00e1s informaci\u00f3n<\/a>\r\n\t\t\t<\/div>\r\n\t\t\t<div class=\"right column\">\r\n\t\t\t\t<ul class=\"tick gray\">\r\n\t\t\t\t\t<li>Registrar autom\u00e1ticamente actividades de tratamiento<\/li>\r\n\t\t\t\t\t<li>Monitorizar accesos y permisos sobre datos personales<\/li>\r\n\t\t\t\t\t<li>Recibir alertas ante incidencias o fugas de datos<\/li>\r\n\t\t\t\t\t<li>Generar reportes alineados con el Reglamento UE 2016\/679<\/li>\r\n\t\t\t\t\t<li>Mantener trazabilidad completa en sistemas cr\u00edticos<\/li>\r\n\t\t\t\t<\/ul>\r\n\t\t\t<\/div>\r\n\t\t<\/div>\r\n\t<\/div>\r\n<\/section>\r\n\r\n<section id=\"two-columns\" class=\"container space\">\r\n\t<div class=\"wrapper\">\r\n\t\t<div class=\"grid reverse-mobile\">\r\n\t\t\t<div class=\"left column center no-resize\">\r\n\t\t\t\t<img decoding=\"async\" src=\"\/wp-content\/uploads\/2025\/05\/datapass-hub-cumplimiento-multicliente-y-centralizado.jpg\" alt=\"DataPASS Hub: cumplimiento multicliente y centralizado\"\/>\r\n\t\t\t<\/div>\r\n\t\t\t<div class=\"right column center\">\r\n\t\t\t\t<h2>DataPASS Hub:<\/h2>\r\n\t\t\t\t<p>Seguridad y auditor\u00eda mainframe para proveedores de confianza de las grandes corporaciones.<\/p>\r\n\t\t\t\t<p>Dise\u00f1ado para que  empresas auditoras, consultoras de ciberseguridad y MSSPs puedan ampliar su cat\u00e1logo de servicios como proveedor de confianza de grandes organizaciones clientes.<\/p>\r\n\t\t\t\t<ul class=\"list check\">\r\n\t\t\t\t\t<li>Seguimiento por pa\u00eds, cliente o unidad de negocio<\/li>\r\n\t\t\t\t\t<li>Automatizaci\u00f3n de auditor\u00edas y flujos de respuesta<\/li>\r\n\t\t\t\t\t<li>Control continuo de accesos y tratamientos de datos sensibles<\/li>\r\n\t\t\t\t<\/ul>\r\n\t\t\t\t<a href=\"\/es\/datapass-hub\/\" class=\"btn\">M\u00e1s Informaci\u00f3n<\/a>\r\n\t\t\t<\/div>\r\n\t\t<\/div>\r\n\t<\/div>\r\n<\/section>\r\n\r\n<section id=\"two-columns\" class=\"container space\">\r\n\t<div class=\"wrapper\">\r\n\t\t<div class=\"grid\">\r\n\t\t\t<div class=\"left column center\">\r\n\t\t\t\t<h2>Formaci\u00f3n especializada en RGPD y seguridad de la informaci\u00f3n<\/h2>\r\n\t\t\t\t<p>Formamos a responsables de protecci\u00f3n de datos, IT y compliance en:<\/p>\r\n\t\t\t\t<ul class=\"list check\">\r\n\t\t\t\t\t<li>Fundamentos y principios del RGPD<\/li>\r\n\t\t\t\t\t<li>Evaluaciones de impacto y documentaci\u00f3n requerida<\/li>\r\n\t\t\t\t\t<li>Gesti\u00f3n de brechas y respuesta a incidentes<\/li>\r\n\t\t\t\t<\/ul>\r\n\t\t\t\t<a href=\"\/es\/cursos-z-os\/\" class=\"btn\">M\u00e1s Informaci\u00f3n<\/a>\r\n\t\t\t<\/div>\r\n\t\t\t<div class=\"right column center no-resize\">\r\n\t\t\t\t<img decoding=\"async\" src=\"\/wp-content\/uploads\/2025\/05\/Formacion-especializada-en-RGPD-y-seguridad-de-la-informacion.jpg\" alt=\"Formaci\u00f3n especializada en RGPD y seguridad de la informaci\u00f3n\" \/>\r\n\t\t\t<\/div>\r\n\t\t<\/div>\r\n\t<\/div>\r\n<\/section>\r\n\r\n<section id=\"beneficios\" class=\"container space\">\r\n\t<div class=\"reduce-width\">\r\n\t\t<h2 class=\"title\">Beneficios del cumplimiento con el RGPD<\/h2>\r\n\t<\/div>\r\n\t<div class=\"wrapper\">\r\n\t\t<div class=\"grid\">\r\n\t\t\t<card>\r\n\t\t\t\tProtecci\u00f3n legal y reputacional frente a sanciones y litigios\r\n\t\t\t<\/card>\r\n\t\t\t<card>\r\n\t\t\t\tMejora la confianza de clientes, empleados y partners\r\n\t\t\t<\/card>\r\n\t\t\t<card>\r\n\t\t\t\tAlineaci\u00f3n con normativas como ISO 27001, NIS2 y SOX\r\n\t\t\t<\/card>\r\n\t\t\t<card>\r\n\t\t\t\tAAutomatizaci\u00f3n de procesos cr\u00edticos de cumplimiento\r\n\t\t\t<\/card>\r\n\t\t\t<card>\r\n\t\t\t\tVentaja competitiva en licitaciones y colaboraciones internacionales\r\n\t\t\t<\/card>\r\n\t\t<\/div>\r\n\t<\/div>\r\n<\/section>\r\n\r\n<section id=\"footer-cta\" class=\"container\">\r\n\t<div class=\"wrapper\">\r\n\t\t<h2>Convi\u00e9rtete en una organizaci\u00f3n responsable con los datos personales<\/h2>\r\n\t\t<p>En <strong>Bsecure<\/strong> le ayudamos a transformar el cumplimiento del <strong>RGPD<\/strong> en una fortaleza operativa y comercial.<\/p>\r\n\t\t<a href=\"\/es\/contacto\/\"><strong>Cont\u00e1ctanos hoy<\/strong> y automatice su cumplimiento con el Reglamento General de Protecci\u00f3n de Datos.<\/a>\r\n\t<\/div>\r\n<\/section>","protected":false},"excerpt":{"rendered":"Normativa GDPR \u00bfQu\u00e9 es el RGPD (GDPR)? El RGPD o GDPR (por sus siglas en ingl\u00e9s) es el Reglamento General de Protecci\u00f3n de Datos aprobado por la Uni\u00f3n Europea (Reglamento UE 2016\/679). Este reglamento garantiza la protecci\u00f3n de los datos personales de los ciudadanos europeos, otorg\u00e1ndoles control sobre su informaci\u00f3n y obligando a las organizaciones &#8230; <a title=\"Normativa GDPR\" class=\"read-more\" href=\"https:\/\/www.go2bsecure.com\/es\/normativa\/normativa-gdpr\/\" aria-label=\"Leer m\u00e1s sobre Normativa GDPR\">Leer m\u00e1s<\/a>","protected":false},"author":1,"featured_media":0,"parent":130,"menu_order":0,"comment_status":"closed","ping_status":"closed","template":"template-full-width.php","meta":{"_acf_changed":false,"footnotes":""},"class_list":["post-336","page","type-page","status-publish"],"acf":[],"yoast_head":"<!-- This site is optimized with the Yoast SEO Premium plugin v26.0 (Yoast SEO v26.0) - https:\/\/yoast.com\/wordpress\/plugins\/seo\/ -->\n<title>GDPR: qu\u00e9 es y c\u00f3mo cumplirla<\/title>\n<meta name=\"description\" content=\"\u00bfQu\u00e9 es GDPR y a qui\u00e9n afecta? Desc\u00fabrelo aqu\u00ed con una gu\u00eda clara para garantizar el cumplimiento en tu organizaci\u00f3n.\" \/>\n<meta name=\"robots\" content=\"index, follow, max-snippet:-1, max-image-preview:large, max-video-preview:-1\" \/>\n<link rel=\"canonical\" href=\"https:\/\/www.go2bsecure.com\/es\/normativa\/normativa-gdpr\/\" \/>\n<meta property=\"og:locale\" content=\"es_ES\" \/>\n<meta property=\"og:type\" content=\"article\" \/>\n<meta property=\"og:title\" content=\"Normativa GDPR\" \/>\n<meta property=\"og:description\" content=\"\u00bfQu\u00e9 es GDPR y a qui\u00e9n afecta? Desc\u00fabrelo aqu\u00ed con una gu\u00eda clara para garantizar el cumplimiento en tu organizaci\u00f3n.\" \/>\n<meta property=\"og:url\" content=\"https:\/\/www.go2bsecure.com\/es\/normativa\/normativa-gdpr\/\" \/>\n<meta property=\"og:site_name\" content=\"Go2bSecure\" \/>\n<meta property=\"article:modified_time\" content=\"2025-07-29T13:25:37+00:00\" \/>\n<meta name=\"twitter:card\" content=\"summary_large_image\" \/>\n<meta name=\"twitter:label1\" content=\"Tiempo de lectura\" \/>\n\t<meta name=\"twitter:data1\" content=\"3 minutos\" \/>\n<script type=\"application\/ld+json\" class=\"yoast-schema-graph\">{\"@context\":\"https:\/\/schema.org\",\"@graph\":[{\"@type\":\"WebPage\",\"@id\":\"https:\/\/www.go2bsecure.com\/es\/normativa\/normativa-gdpr\/\",\"url\":\"https:\/\/www.go2bsecure.com\/es\/normativa\/normativa-gdpr\/\",\"name\":\"GDPR: qu\u00e9 es y c\u00f3mo cumplirla\",\"isPartOf\":{\"@id\":\"https:\/\/www.go2bsecure.com\/es\/#website\"},\"datePublished\":\"2025-05-22T09:48:02+00:00\",\"dateModified\":\"2025-07-29T13:25:37+00:00\",\"description\":\"\u00bfQu\u00e9 es GDPR y a qui\u00e9n afecta? Desc\u00fabrelo aqu\u00ed con una gu\u00eda clara para garantizar el cumplimiento en tu organizaci\u00f3n.\",\"breadcrumb\":{\"@id\":\"https:\/\/www.go2bsecure.com\/es\/normativa\/normativa-gdpr\/#breadcrumb\"},\"inLanguage\":\"es\",\"potentialAction\":[{\"@type\":\"ReadAction\",\"target\":[\"https:\/\/www.go2bsecure.com\/es\/normativa\/normativa-gdpr\/\"]}]},{\"@type\":\"BreadcrumbList\",\"@id\":\"https:\/\/www.go2bsecure.com\/es\/normativa\/normativa-gdpr\/#breadcrumb\",\"itemListElement\":[{\"@type\":\"ListItem\",\"position\":1,\"name\":\"Portada\",\"item\":\"https:\/\/www.go2bsecure.com\/es\/\"},{\"@type\":\"ListItem\",\"position\":2,\"name\":\"Normativa\",\"item\":\"https:\/\/www.go2bsecure.com\/es\/normativa\/\"},{\"@type\":\"ListItem\",\"position\":3,\"name\":\"Normativa GDPR\"}]},{\"@type\":\"WebSite\",\"@id\":\"https:\/\/www.go2bsecure.com\/es\/#website\",\"url\":\"https:\/\/www.go2bsecure.com\/es\/\",\"name\":\"Go2bSecure\",\"description\":\"\",\"publisher\":{\"@id\":\"https:\/\/www.go2bsecure.com\/es\/#organization\"},\"potentialAction\":[{\"@type\":\"SearchAction\",\"target\":{\"@type\":\"EntryPoint\",\"urlTemplate\":\"https:\/\/www.go2bsecure.com\/es\/?s={search_term_string}\"},\"query-input\":{\"@type\":\"PropertyValueSpecification\",\"valueRequired\":true,\"valueName\":\"search_term_string\"}}],\"inLanguage\":\"es\"},{\"@type\":\"Organization\",\"@id\":\"https:\/\/www.go2bsecure.com\/es\/#organization\",\"name\":\"Go2bSecure\",\"url\":\"https:\/\/www.go2bsecure.com\/es\/\",\"logo\":{\"@type\":\"ImageObject\",\"inLanguage\":\"es\",\"@id\":\"https:\/\/www.go2bsecure.com\/es\/#\/schema\/logo\/image\/\",\"url\":\"https:\/\/www.go2bsecure.com\/wp-content\/uploads\/2025\/06\/Bsecure-logo-color-x1.png\",\"contentUrl\":\"https:\/\/www.go2bsecure.com\/wp-content\/uploads\/2025\/06\/Bsecure-logo-color-x1.png\",\"width\":198,\"height\":46,\"caption\":\"Go2bSecure\"},\"image\":{\"@id\":\"https:\/\/www.go2bsecure.com\/es\/#\/schema\/logo\/image\/\"}}]}<\/script>\n<!-- \/ Yoast SEO Premium plugin. -->","yoast_head_json":{"title":"GDPR: qu\u00e9 es y c\u00f3mo cumplirla","description":"\u00bfQu\u00e9 es GDPR y a qui\u00e9n afecta? Desc\u00fabrelo aqu\u00ed con una gu\u00eda clara para garantizar el cumplimiento en tu organizaci\u00f3n.","robots":{"index":"index","follow":"follow","max-snippet":"max-snippet:-1","max-image-preview":"max-image-preview:large","max-video-preview":"max-video-preview:-1"},"canonical":"https:\/\/www.go2bsecure.com\/es\/normativa\/normativa-gdpr\/","og_locale":"es_ES","og_type":"article","og_title":"Normativa GDPR","og_description":"\u00bfQu\u00e9 es GDPR y a qui\u00e9n afecta? Desc\u00fabrelo aqu\u00ed con una gu\u00eda clara para garantizar el cumplimiento en tu organizaci\u00f3n.","og_url":"https:\/\/www.go2bsecure.com\/es\/normativa\/normativa-gdpr\/","og_site_name":"Go2bSecure","article_modified_time":"2025-07-29T13:25:37+00:00","twitter_card":"summary_large_image","twitter_misc":{"Tiempo de lectura":"3 minutos"},"schema":{"@context":"https:\/\/schema.org","@graph":[{"@type":"WebPage","@id":"https:\/\/www.go2bsecure.com\/es\/normativa\/normativa-gdpr\/","url":"https:\/\/www.go2bsecure.com\/es\/normativa\/normativa-gdpr\/","name":"GDPR: qu\u00e9 es y c\u00f3mo cumplirla","isPartOf":{"@id":"https:\/\/www.go2bsecure.com\/es\/#website"},"datePublished":"2025-05-22T09:48:02+00:00","dateModified":"2025-07-29T13:25:37+00:00","description":"\u00bfQu\u00e9 es GDPR y a qui\u00e9n afecta? Desc\u00fabrelo aqu\u00ed con una gu\u00eda clara para garantizar el cumplimiento en tu organizaci\u00f3n.","breadcrumb":{"@id":"https:\/\/www.go2bsecure.com\/es\/normativa\/normativa-gdpr\/#breadcrumb"},"inLanguage":"es","potentialAction":[{"@type":"ReadAction","target":["https:\/\/www.go2bsecure.com\/es\/normativa\/normativa-gdpr\/"]}]},{"@type":"BreadcrumbList","@id":"https:\/\/www.go2bsecure.com\/es\/normativa\/normativa-gdpr\/#breadcrumb","itemListElement":[{"@type":"ListItem","position":1,"name":"Portada","item":"https:\/\/www.go2bsecure.com\/es\/"},{"@type":"ListItem","position":2,"name":"Normativa","item":"https:\/\/www.go2bsecure.com\/es\/normativa\/"},{"@type":"ListItem","position":3,"name":"Normativa GDPR"}]},{"@type":"WebSite","@id":"https:\/\/www.go2bsecure.com\/es\/#website","url":"https:\/\/www.go2bsecure.com\/es\/","name":"Go2bSecure","description":"","publisher":{"@id":"https:\/\/www.go2bsecure.com\/es\/#organization"},"potentialAction":[{"@type":"SearchAction","target":{"@type":"EntryPoint","urlTemplate":"https:\/\/www.go2bsecure.com\/es\/?s={search_term_string}"},"query-input":{"@type":"PropertyValueSpecification","valueRequired":true,"valueName":"search_term_string"}}],"inLanguage":"es"},{"@type":"Organization","@id":"https:\/\/www.go2bsecure.com\/es\/#organization","name":"Go2bSecure","url":"https:\/\/www.go2bsecure.com\/es\/","logo":{"@type":"ImageObject","inLanguage":"es","@id":"https:\/\/www.go2bsecure.com\/es\/#\/schema\/logo\/image\/","url":"https:\/\/www.go2bsecure.com\/wp-content\/uploads\/2025\/06\/Bsecure-logo-color-x1.png","contentUrl":"https:\/\/www.go2bsecure.com\/wp-content\/uploads\/2025\/06\/Bsecure-logo-color-x1.png","width":198,"height":46,"caption":"Go2bSecure"},"image":{"@id":"https:\/\/www.go2bsecure.com\/es\/#\/schema\/logo\/image\/"}}]}},"_links":{"self":[{"href":"https:\/\/www.go2bsecure.com\/es\/wp-json\/wp\/v2\/pages\/336","targetHints":{"allow":["GET"]}}],"collection":[{"href":"https:\/\/www.go2bsecure.com\/es\/wp-json\/wp\/v2\/pages"}],"about":[{"href":"https:\/\/www.go2bsecure.com\/es\/wp-json\/wp\/v2\/types\/page"}],"author":[{"embeddable":true,"href":"https:\/\/www.go2bsecure.com\/es\/wp-json\/wp\/v2\/users\/1"}],"replies":[{"embeddable":true,"href":"https:\/\/www.go2bsecure.com\/es\/wp-json\/wp\/v2\/comments?post=336"}],"version-history":[{"count":4,"href":"https:\/\/www.go2bsecure.com\/es\/wp-json\/wp\/v2\/pages\/336\/revisions"}],"predecessor-version":[{"id":842,"href":"https:\/\/www.go2bsecure.com\/es\/wp-json\/wp\/v2\/pages\/336\/revisions\/842"}],"up":[{"embeddable":true,"href":"https:\/\/www.go2bsecure.com\/es\/wp-json\/wp\/v2\/pages\/130"}],"wp:attachment":[{"href":"https:\/\/www.go2bsecure.com\/es\/wp-json\/wp\/v2\/media?parent=336"}],"curies":[{"name":"wp","href":"https:\/\/api.w.org\/{rel}","templated":true}]}}