{"id":69,"date":"2025-04-11T09:07:26","date_gmt":"2025-04-11T07:07:26","guid":{"rendered":"https:\/\/www.go2bsecure.com\/datapass\/"},"modified":"2025-07-29T14:32:27","modified_gmt":"2025-07-29T12:32:27","slug":"datapass","status":"publish","type":"page","link":"https:\/\/www.go2bsecure.com\/es\/datapass\/","title":{"rendered":"DataPASS"},"content":{"rendered":"<section id=\"page-header\" class=\"container space\">\r\n\t<div class=\"wrapper\">\r\n\t\t<h1>Bsecure DataPASS: <br><small>Servicios de seguridad, auditor\u00eda continua y cumplimiento normativo TI para mainframes z\/OS.<\/small><\/h1>\r\n\t<\/div>\r\n<\/section>\r\n\r\n<section id=\"two-columns\" class=\"container space\">\r\n\t<div class=\"wrapper\">\r\n\t\t<div class=\"grid\">\r\n\t\t\t<div class=\"left column\">\r\n\t\t\t\t<p>DataPASS es un servicio \u00fanico de auditor\u00eda de seguridad y compliance para entornos z\/OS. Permite a las empresas proteger sus sistemas cr\u00edticos y cumplir con regulaciones como DORA, NIS2, PCI, SOX, GDPR y m\u00e1s.<\/p>\r\n\t\t\t\t<p>Con Bsecure DataPASS, los responsables de seguridad TI puede evaluar riesgos, detectar amenazas y demostrar que los consejeros de administraci\u00f3n han demostrado la diligencia debida ante incidentes, reduciendo la responsabilidad legal y financiera.<\/p>\r\n\t\t\t\t<div class=\"three-columns\">\r\n\t\t\t\t\t<card>\r\n\t\t\t\t\t\t<img decoding=\"async\" src=\"\/wp-content\/themes\/generatepress-child\/assets\/media\/cohete-icon.svg\" \/>\r\n\t\t\t\t\t\t<span>Ahorra miles de horas y costos con el \u00fanico servicio de auditor\u00eda continua z\/OS del mercado.<\/span>\r\n\t\t\t\t\t<\/card>\r\n\t\t\t\t\t<card>\r\n\t\t\t\t\t\t<img decoding=\"async\" src=\"\/wp-content\/themes\/generatepress-child\/assets\/media\/grafico-icon.svg\" \/>\r\n\t\t\t\t\t\t<span>Obtenga informaci\u00f3n precisa y ejecutable para salvaguardar la informaci\u00f3n esencial del negocio.<\/span>\r\n\t\t\t\t\t<\/card>\r\n\t\t\t\t\t<card>\r\n\t\t\t\t\t\t<img decoding=\"async\" src=\"\/wp-content\/themes\/generatepress-child\/assets\/media\/mundo-icon.svg\" \/>\r\n\t\t\t\t\t\t<span>Expande tu seguridad con una soluci\u00f3n reconocida por las principales entidades europeas.<\/span>\r\n\t\t\t\t\t<\/card>\r\n\t\t\t\t<\/div>\r\n\t\t\t<\/div>\r\n\t\t\t<div class=\"right column center\">\r\n\t\t\t\t<img decoding=\"async\" src=\"\/wp-content\/uploads\/2025\/04\/img.webp\" \/>\r\n\t\t\t<\/div>\r\n\t\t<\/div>\r\n\t<\/div>\r\n<\/section>\r\n\r\n<section id=\"tick-list\" class=\"container\">\r\n\t<div class=\"wrapper\">\r\n\t\t<h2>\u00bfC\u00f3mo funciona?<\/h2>\r\n\t\t<div class=\"list\">\r\n\t\t\t<card>\r\n\t\t\t\t<span class=\"title\">Implementaci\u00f3n r\u00e1pida:<\/span>\r\n\t\t\t\t<p>Operativo en menos de 4 semanas sin importar el n\u00famero o tama\u00f1o de los LPAR.<\/p>\r\n\t\t\t<\/card>\r\n\t\t\t<card>\r\n\t\t\t\t<span class=\"title\">Automatizaci\u00f3n total:<\/span>\r\n\t\t\t\t<p>Cientos de controles tecnol\u00f3gicos basados en las Mejores Pr\u00e1cticas de la industria.<\/p>\r\n\t\t\t<\/card>\r\n\t\t\t<card>\r\n\t\t\t\t<span class=\"title\">An\u00e1lisis continuo:<\/span>\r\n\t\t\t\t<p>Evaluaci\u00f3n de riesgos, auditor\u00eda de controles y monitoreo del cumplimiento normativo.<\/p>\r\n\t\t\t<\/card>\r\n\t\t\t<card>\r\n\t\t\t\t<span class=\"title\">Dashboards semanales:<\/span>\r\n\t\t\t\t<p>Informes detallados para CISO, CIO, CTO, Compliance Managers y Departamentos Resolutores.<\/p>\r\n\t\t\t<\/card>\r\n\t\t\t<card>\r\n\t\t\t\t<span class=\"title\">Detecci\u00f3n de ataques sofisticados:<\/span>\r\n\t\t\t\t<p>Identifica ransomware, accesos indebidos, hacking y anomal\u00edas de usuarios.<\/p>\r\n\t\t\t<\/card>\r\n\t\t\t<card>\r\n\t\t\t\t<span class=\"title\">Integraci\u00f3n total:<\/span>\r\n\t\t\t\t<p>Compatible con SIEM, SOC y cualquier nivel de outsourcing.<\/p>\r\n\t\t\t<\/card>\r\n\t\t\t<card>\r\n\t\t\t\t<span class=\"title\">Datos sin salir del entorno TI del cliente:<\/span>\r\n\t\t\t\t<p>El servicio se opera sobre un software espec\u00edfico ON-PREM en Linux.  Los datos siempre estar\u00e1n en el entorno del cliente.<\/p>\r\n\t\t\t<\/card>\r\n\t\t\t<card>\r\n\t\t\t\t<span class=\"title\">Todos los costes son OPEX.<\/span>\r\n\t\t\t\t<p>Optimiza su presupuesto con costes operativos predecibles, sin grandes inversiones de capital.<\/p>\r\n\t\t\t<\/card>\r\n\t\t<\/div>\r\n\t\t\r\n\t\t<a href=\"\/es\/contacto\/\" class=\"btn\">Quisiera m\u00e1s informaci\u00f3n<\/a>\r\n\t<\/div>\t \r\n<\/section>\r\n\r\n<section id=\"offer-slider\" class=\"container space\">\r\n\t<div class=\"wrapper\">\r\n\t\t<h2>\u00bfQu\u00e9 ofrece DataPASS?<\/h2>\r\n\t\t<div class=\"owl-carousel owl-theme offer-slider-carousel\">\r\n\t\t\t<div class=\"item\">\r\n\t\t\t\t<img decoding=\"async\" src=\"\/wp-content\/themes\/generatepress-child\/assets\/media\/eye-icon.svg\" \/>\r\n\t\t\t\t<span class=\"title\">Evaluaci\u00f3n de seguridad en un solo vistazo:<\/span>\r\n\t\t\t\t<p>Hasta 400 MB de datos de detalle generados por los controles de seguridad y compliance, por ciclo y LPAR.<\/p>\r\n\t\t\t<\/div>\r\n\t\t\t<div class=\"item\">\r\n\t\t\t\t<img decoding=\"async\" src=\"\/wp-content\/themes\/generatepress-child\/assets\/media\/refresh-icon.svg\" \/>\r\n\t\t\t\t<span class=\"title\">Mejora continua:<\/span>\r\n\t\t\t\t<p>Un solo ciclo semanal de controles equivale a 6 expertos en seguridad trabajando durante 6 meses.<\/p>\r\n\t\t\t<\/div>\r\n\t\t\t<div class=\"item\">\r\n\t\t\t\t<img decoding=\"async\" src=\"\/wp-content\/themes\/generatepress-child\/assets\/media\/lock-icon.svg\" \/>\r\n\t\t\t\t<span class=\"title\">Detecci\u00f3n de ataques deseables:<\/span>\r\n\t\t\t\t<p>Alertas ante modificaciones de software no autorizadas, escaladas de accesos privilegiados y ataques.<\/p>\r\n\t\t\t<\/div>\r\n\t\t\t<div class=\"item\">\r\n\t\t\t\t<img decoding=\"async\" src=\"\/wp-content\/themes\/generatepress-child\/assets\/media\/document-icon.svg\" \/>\r\n\t\t\t\t<span class=\"title\">Cumplimiento normativo:<\/span>\r\n\t\t\t\t<p>Garantiza la alineaci\u00f3n con est\u00e1ndares globales como DORA y NIS2.<\/p>\r\n\t\t\t<\/div>\r\n\t\t\t<div class=\"item\">\r\n\t\t\t\t<img decoding=\"async\" src=\"\/wp-content\/themes\/generatepress-child\/assets\/media\/puzzle-icon.svg\" \/>\r\n\t\t\t\t<span class=\"title\">Versi\u00f3n DataPASS HUB:<\/span>\r\n\t\t\t\t<p>Disponible para aquellos usuarios que deseen seguir con sus proveedores tradicionales operando nuestra plataforma como marca blanca.<\/p>\r\n\t\t\t<\/div>\r\n\t\t<\/div>\r\n\t<\/div>\r\n<\/section>\r\n\r\n<section id=\"content-center\" class=\"container space\">\r\n\t<div class=\"wrapper\">\r\n\t\t<div class=\"reduce-width\">\r\n\t\t\t<h2>\u00bfPor qu\u00e9 elegir DataPASS?<\/h2>\r\n\t\t\t<p>La falta de profesionales cualificados en seguridad y auditor\u00eda mainframe es uno de los mayores retos a los que se enfrentan los grandes usuarios de las infraestructuras z\/OS de IBM. La BD de controles de auditor\u00eda y seguridad de DataPASS a\u00fana decenas de a\u00f1os de conocimientos de centenas de profesionales a nivel mundial. Mostrando los resultados para que sean comprensibles para los nuevos profesionales y generando planes de acci\u00f3n para mejorar continuamente la postura de seguridad de sus organizaciones.<\/p>\r\n\t\t<\/div>\r\n\t<\/div>\r\n<\/section>\r\n\r\n<section id=\"two-columns\" class=\"container space\">\r\n\t<div class=\"wrapper\">\r\n\t\t<div class=\"grid reverse-mobile\">\r\n\t\t\t<div class=\"left column center no-resize\">\r\n\t\t\t\t<img decoding=\"async\" src=\"\/wp-content\/uploads\/2025\/04\/img-2.webp\" \/>\r\n\t\t\t<\/div>\r\n\t\t\t<div class=\"right column center\">\r\n\t\t\t\t<h3>DataPASS:<\/h3>\r\n\t\t\t\t<ul class=\"list check\">\r\n\t\t\t\t\t<li><b>Auditor\u00eda 100% automatizada:<\/b> No requiere intervenci\u00f3n manual por parte de usted.<\/li>\r\n\t\t\t\t\t<li><b>Implementaci\u00f3n en 4 semanas:<\/b> Frente a los 6 meses de auditor\u00edas tradicionales.<\/li>\r\n\t\t\t\t\t<li><b>Compatible con cualquier z\/OS:<\/b> Sin importar proveedores ni licencias de software.<\/li>\r\n\t\t\t\t\t<li><b>Pago por uso:<\/b> No requiere inversi\u00f3n en licencias.<\/li>\r\n\t\t\t\t<\/ul>\r\n\t\t\t<\/div>\r\n\t\t<\/div>\r\n\t<\/div>\r\n<\/section>\r\n\r\n<section id=\"two-columns\" class=\"container space\">\r\n\t<div class=\"wrapper\">\r\n\t\t<div class=\"grid\">\r\n\t\t\t<div class=\"left column center\">\r\n\t\t\t\t<h3>DataPASS:<\/h3>\r\n\t\t\t\t<ul class=\"list check wrong\">\r\n\t\t\t\t\t<li><b>Procesos manuales:<\/b> Dependientes de equipos humanos.<\/li>\r\n\t\t\t\t\t<li><b>Implementaci\u00f3n lenta:<\/b> Puede tardar meses en generar resultados.<\/li>\r\n\t\t\t\t\t<li><b>Costos elevados:<\/b> Modelos de pago poco predecibles.<\/li>\r\n\t\t\t\t<\/ul>\r\n\t\t\t\t\r\n\t\t\t\t<a href=\"\/es\/contacto\/\" class=\"btn\">Quiero m\u00e1s informaci\u00f3n<\/a>\r\n\t\t\t<\/div>\r\n\t\t\t<div class=\"right column center no-resize\">\r\n\t\t\t\t<img decoding=\"async\" src=\"\/wp-content\/uploads\/2025\/04\/img-3.webp\" \/>\r\n\t\t\t<\/div>\r\n\t\t<\/div>\r\n\t<\/div>\r\n<\/section>","protected":false},"excerpt":{"rendered":"Bsecure DataPASS: Servicios de seguridad, auditor\u00eda continua y cumplimiento normativo TI para mainframes z\/OS. DataPASS es un servicio \u00fanico de auditor\u00eda de seguridad y compliance para entornos z\/OS. Permite a las empresas proteger sus sistemas cr\u00edticos y cumplir con regulaciones como DORA, NIS2, PCI, SOX, GDPR y m\u00e1s. Con Bsecure DataPASS, los responsables de seguridad &#8230; <a title=\"DataPASS\" class=\"read-more\" href=\"https:\/\/www.go2bsecure.com\/es\/datapass\/\" aria-label=\"Leer m\u00e1s sobre DataPASS\">Leer m\u00e1s<\/a>","protected":false},"author":1,"featured_media":0,"parent":0,"menu_order":0,"comment_status":"closed","ping_status":"closed","template":"template-full-width.php","meta":{"_acf_changed":false,"footnotes":""},"class_list":["post-69","page","type-page","status-publish"],"acf":[],"yoast_head":"<!-- This site is optimized with the Yoast SEO Premium plugin v26.0 (Yoast SEO v26.0) - https:\/\/yoast.com\/wordpress\/plugins\/seo\/ -->\n<title>Data Pass | Software de seguridad y auditor\u00eda para z\/OS<\/title>\n<meta name=\"description\" content=\"Automatiza la auditor\u00eda y garantiza el cumplimiento TI en mainframes z\/OS con nuestro software especializado DataPASS\" \/>\n<meta name=\"robots\" content=\"index, follow, max-snippet:-1, max-image-preview:large, max-video-preview:-1\" \/>\n<link rel=\"canonical\" href=\"https:\/\/www.go2bsecure.com\/es\/datapass\/\" \/>\n<meta property=\"og:locale\" content=\"es_ES\" \/>\n<meta property=\"og:type\" content=\"article\" \/>\n<meta property=\"og:title\" content=\"DataPASS\" \/>\n<meta property=\"og:description\" content=\"Automatiza la auditor\u00eda y garantiza el cumplimiento TI en mainframes z\/OS con nuestro software especializado DataPASS\" \/>\n<meta property=\"og:url\" content=\"https:\/\/www.go2bsecure.com\/es\/datapass\/\" \/>\n<meta property=\"og:site_name\" content=\"Go2bSecure\" \/>\n<meta property=\"article:modified_time\" content=\"2025-07-29T12:32:27+00:00\" \/>\n<meta name=\"twitter:card\" content=\"summary_large_image\" \/>\n<meta name=\"twitter:label1\" content=\"Tiempo de lectura\" \/>\n\t<meta name=\"twitter:data1\" content=\"5 minutos\" \/>\n<script type=\"application\/ld+json\" class=\"yoast-schema-graph\">{\"@context\":\"https:\/\/schema.org\",\"@graph\":[{\"@type\":\"WebPage\",\"@id\":\"https:\/\/www.go2bsecure.com\/es\/datapass\/\",\"url\":\"https:\/\/www.go2bsecure.com\/es\/datapass\/\",\"name\":\"Data Pass | Software de seguridad y auditor\u00eda para z\/OS\",\"isPartOf\":{\"@id\":\"https:\/\/www.go2bsecure.com\/es\/#website\"},\"datePublished\":\"2025-04-11T07:07:26+00:00\",\"dateModified\":\"2025-07-29T12:32:27+00:00\",\"description\":\"Automatiza la auditor\u00eda y garantiza el cumplimiento TI en mainframes z\/OS con nuestro software especializado DataPASS\",\"breadcrumb\":{\"@id\":\"https:\/\/www.go2bsecure.com\/es\/datapass\/#breadcrumb\"},\"inLanguage\":\"es\",\"potentialAction\":[{\"@type\":\"ReadAction\",\"target\":[\"https:\/\/www.go2bsecure.com\/es\/datapass\/\"]}]},{\"@type\":\"BreadcrumbList\",\"@id\":\"https:\/\/www.go2bsecure.com\/es\/datapass\/#breadcrumb\",\"itemListElement\":[{\"@type\":\"ListItem\",\"position\":1,\"name\":\"Portada\",\"item\":\"https:\/\/www.go2bsecure.com\/es\/\"},{\"@type\":\"ListItem\",\"position\":2,\"name\":\"DataPASS\"}]},{\"@type\":\"WebSite\",\"@id\":\"https:\/\/www.go2bsecure.com\/es\/#website\",\"url\":\"https:\/\/www.go2bsecure.com\/es\/\",\"name\":\"Go2bSecure\",\"description\":\"\",\"publisher\":{\"@id\":\"https:\/\/www.go2bsecure.com\/es\/#organization\"},\"potentialAction\":[{\"@type\":\"SearchAction\",\"target\":{\"@type\":\"EntryPoint\",\"urlTemplate\":\"https:\/\/www.go2bsecure.com\/es\/?s={search_term_string}\"},\"query-input\":{\"@type\":\"PropertyValueSpecification\",\"valueRequired\":true,\"valueName\":\"search_term_string\"}}],\"inLanguage\":\"es\"},{\"@type\":\"Organization\",\"@id\":\"https:\/\/www.go2bsecure.com\/es\/#organization\",\"name\":\"Go2bSecure\",\"url\":\"https:\/\/www.go2bsecure.com\/es\/\",\"logo\":{\"@type\":\"ImageObject\",\"inLanguage\":\"es\",\"@id\":\"https:\/\/www.go2bsecure.com\/es\/#\/schema\/logo\/image\/\",\"url\":\"https:\/\/www.go2bsecure.com\/wp-content\/uploads\/2025\/06\/Bsecure-logo-color-x1.png\",\"contentUrl\":\"https:\/\/www.go2bsecure.com\/wp-content\/uploads\/2025\/06\/Bsecure-logo-color-x1.png\",\"width\":198,\"height\":46,\"caption\":\"Go2bSecure\"},\"image\":{\"@id\":\"https:\/\/www.go2bsecure.com\/es\/#\/schema\/logo\/image\/\"}}]}<\/script>\n<!-- \/ Yoast SEO Premium plugin. -->","yoast_head_json":{"title":"Data Pass | Software de seguridad y auditor\u00eda para z\/OS","description":"Automatiza la auditor\u00eda y garantiza el cumplimiento TI en mainframes z\/OS con nuestro software especializado DataPASS","robots":{"index":"index","follow":"follow","max-snippet":"max-snippet:-1","max-image-preview":"max-image-preview:large","max-video-preview":"max-video-preview:-1"},"canonical":"https:\/\/www.go2bsecure.com\/es\/datapass\/","og_locale":"es_ES","og_type":"article","og_title":"DataPASS","og_description":"Automatiza la auditor\u00eda y garantiza el cumplimiento TI en mainframes z\/OS con nuestro software especializado DataPASS","og_url":"https:\/\/www.go2bsecure.com\/es\/datapass\/","og_site_name":"Go2bSecure","article_modified_time":"2025-07-29T12:32:27+00:00","twitter_card":"summary_large_image","twitter_misc":{"Tiempo de lectura":"5 minutos"},"schema":{"@context":"https:\/\/schema.org","@graph":[{"@type":"WebPage","@id":"https:\/\/www.go2bsecure.com\/es\/datapass\/","url":"https:\/\/www.go2bsecure.com\/es\/datapass\/","name":"Data Pass | Software de seguridad y auditor\u00eda para z\/OS","isPartOf":{"@id":"https:\/\/www.go2bsecure.com\/es\/#website"},"datePublished":"2025-04-11T07:07:26+00:00","dateModified":"2025-07-29T12:32:27+00:00","description":"Automatiza la auditor\u00eda y garantiza el cumplimiento TI en mainframes z\/OS con nuestro software especializado DataPASS","breadcrumb":{"@id":"https:\/\/www.go2bsecure.com\/es\/datapass\/#breadcrumb"},"inLanguage":"es","potentialAction":[{"@type":"ReadAction","target":["https:\/\/www.go2bsecure.com\/es\/datapass\/"]}]},{"@type":"BreadcrumbList","@id":"https:\/\/www.go2bsecure.com\/es\/datapass\/#breadcrumb","itemListElement":[{"@type":"ListItem","position":1,"name":"Portada","item":"https:\/\/www.go2bsecure.com\/es\/"},{"@type":"ListItem","position":2,"name":"DataPASS"}]},{"@type":"WebSite","@id":"https:\/\/www.go2bsecure.com\/es\/#website","url":"https:\/\/www.go2bsecure.com\/es\/","name":"Go2bSecure","description":"","publisher":{"@id":"https:\/\/www.go2bsecure.com\/es\/#organization"},"potentialAction":[{"@type":"SearchAction","target":{"@type":"EntryPoint","urlTemplate":"https:\/\/www.go2bsecure.com\/es\/?s={search_term_string}"},"query-input":{"@type":"PropertyValueSpecification","valueRequired":true,"valueName":"search_term_string"}}],"inLanguage":"es"},{"@type":"Organization","@id":"https:\/\/www.go2bsecure.com\/es\/#organization","name":"Go2bSecure","url":"https:\/\/www.go2bsecure.com\/es\/","logo":{"@type":"ImageObject","inLanguage":"es","@id":"https:\/\/www.go2bsecure.com\/es\/#\/schema\/logo\/image\/","url":"https:\/\/www.go2bsecure.com\/wp-content\/uploads\/2025\/06\/Bsecure-logo-color-x1.png","contentUrl":"https:\/\/www.go2bsecure.com\/wp-content\/uploads\/2025\/06\/Bsecure-logo-color-x1.png","width":198,"height":46,"caption":"Go2bSecure"},"image":{"@id":"https:\/\/www.go2bsecure.com\/es\/#\/schema\/logo\/image\/"}}]}},"_links":{"self":[{"href":"https:\/\/www.go2bsecure.com\/es\/wp-json\/wp\/v2\/pages\/69","targetHints":{"allow":["GET"]}}],"collection":[{"href":"https:\/\/www.go2bsecure.com\/es\/wp-json\/wp\/v2\/pages"}],"about":[{"href":"https:\/\/www.go2bsecure.com\/es\/wp-json\/wp\/v2\/types\/page"}],"author":[{"embeddable":true,"href":"https:\/\/www.go2bsecure.com\/es\/wp-json\/wp\/v2\/users\/1"}],"replies":[{"embeddable":true,"href":"https:\/\/www.go2bsecure.com\/es\/wp-json\/wp\/v2\/comments?post=69"}],"version-history":[{"count":4,"href":"https:\/\/www.go2bsecure.com\/es\/wp-json\/wp\/v2\/pages\/69\/revisions"}],"predecessor-version":[{"id":809,"href":"https:\/\/www.go2bsecure.com\/es\/wp-json\/wp\/v2\/pages\/69\/revisions\/809"}],"wp:attachment":[{"href":"https:\/\/www.go2bsecure.com\/es\/wp-json\/wp\/v2\/media?parent=69"}],"curies":[{"name":"wp","href":"https:\/\/api.w.org\/{rel}","templated":true}]}}