{"id":771,"date":"2025-07-22T11:16:37","date_gmt":"2025-07-22T09:16:37","guid":{"rendered":"https:\/\/www.go2bsecure.com\/?page_id=771"},"modified":"2025-07-22T11:30:15","modified_gmt":"2025-07-22T09:30:15","slug":"politica-de-privacidad","status":"publish","type":"page","link":"https:\/\/www.go2bsecure.com\/es\/politica-de-privacidad\/","title":{"rendered":"Pol\u00edtica de Privacidad"},"content":{"rendered":"<section id=\"page-header\" class=\"container space\">\r\n\t<div class=\"wrapper\">\r\n\t\t<h1>Pol\u00edtica de Privacidad<\/h1>\r\n\t\t<p style=\"color: white; margin-top: 12px;\"><b>\u00daltima actualizaci\u00f3n:<\/b> 20 de enero de 2024<\/p>\r\n\t<\/div>\r\n<\/section>\r\n\r\n<section class=\"container space\">\r\n\t<div class=\"wrapper\">\r\n\t\t<h2>1. Introducci\u00f3n<\/h2>\r\n\t\tEn Rosebud International Technologies, SL nos comprometemos a proteger la privacidad y la seguridad de los datos personales de nuestros usuarios. La presente Pol\u00edtica de Privacidad tiene como objetivo informar de manera clara y transparente sobre la recogida, uso, tratamiento y las medidas de seguridad aplicadas a la informaci\u00f3n personal que nos facilitan los usuarios a trav\u00e9s de nuestro sitio web.\r\n\t\t<h2>2. Responsable del Tratamiento<\/h2>\r\n\t\tEl responsable del tratamiento de sus datos es:\r\n\t\t<ul>\r\n\t\t\t<li>Empresa:Rosebud International Technologies, SL<\/li>\r\n\t\t\t<li>Direcci\u00f3n:Paseo de la Castellana, 200. Madrid &#8211; Comunidad de Madrid &#8211; Spain<\/li>\r\n\t\t\t<li>Correo electr\u00f3nico:<a href=\"mailto:info@go2bsecure.com\" target=\"_blank\" rel=\"noopener\">info@go2bsecure.<wbr \/>com<\/a><\/li>\r\n\t\t\t<li>Tel\u00e9fono:+34 9100053089<\/li>\r\n\t\t<\/ul>\r\n\t\t<h2>3. Datos que Recogemos<\/h2>\r\n\t\tPodemos recoger y tratar los siguientes datos personales que usted suministre de forma voluntaria:\r\n\t\t<ul>\r\n\t\t\t<li>Nombre y apellidos<\/li>\r\n\t\t\t<li>N\u00famero de tel\u00e9fono<\/li>\r\n\t\t\t<li>Direcci\u00f3n de correo electr\u00f3nico<\/li>\r\n\t\t\t<li>Otra informaci\u00f3n relevante que pueda incluir en formularios de contacto o solicitudes de informaci\u00f3n<\/li>\r\n\t\t<\/ul>\r\n\t\tAdem\u00e1s, se pueden recopilar datos de navegaci\u00f3n a trav\u00e9s del uso de cookies y otras tecnolog\u00edas similares. Para m\u00e1s detalles, consulte nuestra<a href=\"https:\/\/plataforma.aikit.es\/assistants?t=686aa111e2aa10f342dac589#\" target=\"_blank\" rel=\"noopener\" data-saferedirecturl=\"https:\/\/www.google.com\/url?q=https:\/\/plataforma.aikit.es\/assistants?t%3D686aa111e2aa10f342dac589%23&amp;source=gmail&amp;ust=1753261660599000&amp;usg=AOvVaw2px-iuYyjW1UM70KqWcY5a\">Pol\u00edtica de Cookies<\/a>.\r\n\t\t<h2>4. Finalidad y Base Jur\u00eddica del Tratamiento<\/h2>\r\n\t\tLos datos personales proporcionados se utilizar\u00e1n \u00fanica y exclusivamente para las siguientes finalidades:\r\n\t\t<ul>\r\n\t\t\t<li>Gesti\u00f3n de solicitudes e informaci\u00f3n:Responder a las consultas y solicitudes de informaci\u00f3n realizadas mediante nuestro formulario.<\/li>\r\n\t\t\t<li>Env\u00edo de informaci\u00f3n comercial y novedades:Informar sobre nuestros productos, servicios, promociones y eventos, siempre y cuando se cuente con el consentimiento expl\u00edcito para ello.<\/li>\r\n\t\t\t<li>Mejora del sitio web y servicios:Analizar la navegaci\u00f3n y el comportamiento en el sitio web para optimizar y personalizar la experiencia del usuario.<\/li>\r\n\t\t<\/ul>\r\n\t\tLa base jur\u00eddica para el tratamiento de sus datos es el consentimiento del interesado, recogido a trav\u00e9s de la aceptaci\u00f3n expresa en el formulario, as\u00ed como el inter\u00e9s leg\u00edtimo en el caso de los datos de navegaci\u00f3n.\r\n\t\t<h2>5. Conservaci\u00f3n de los Datos.<\/h2>\r\n\t\tLos datos personales se conservar\u00e1n mientras se mantenga la relaci\u00f3n comercial o durante el tiempo necesario para cumplir con las finalidades para las cuales fueron recabados. Una vez expirada la finalidad, procederemos a su eliminaci\u00f3n de forma segura, salvo que la ley exija su conservaci\u00f3n durante un periodo m\u00e1s prolongado.\r\n\t\t<h2>6. Derechos del Usuario<\/h2>\r\n\t\tUsted tiene derecho a:\r\n\t\t<ul>\r\n\t\t\t<li>Acceder a sus datos personales.<\/li>\r\n\t\t\t<li>Solicitar la rectificaci\u00f3n de datos inexactos o la supresi\u00f3n de los datos cuando, en derecho, proceda.<\/li>\r\n\t\t\t<li>Limitar u oponerse al tratamiento de sus datos.<\/li>\r\n\t\t\t<li>Solicitar la portabilidad de sus datos a otro proveedor.<\/li>\r\n\t\t\t<li>Revocar el consentimiento otorgado en cualquier momento sin que ello afecte a la legalidad del tratamiento preexistente.<\/li>\r\n\t\t<\/ul>\r\n\t\tPara ejercer estos derechos, puede enviar una solicitud por escrito a trav\u00e9s del correo electr\u00f3nico<a href=\"mailto:info@go2bsecure.com\" target=\"_blank\" rel=\"noopener\">info@go2bsecure.com<\/a>o a trav\u00e9s de la direcci\u00f3n indicada en el apartado de Responsable del Tratamiento.\r\n\t\t<h2>7. Seguridad de los Datos<\/h2>\r\n\t\tEn Rosebud International Technologies implementamos las medidas t\u00e9cnicas y organizativas adecuadas para garantizar la seguridad y confidencialidad de sus datos personales, protegi\u00e9ndolos contra accesos no autorizados, p\u00e9rdida o tratamiento indebido.\r\n\t\t<h2>8. Cesi\u00f3n de Datos a Terceros<\/h2>\r\n\t\tSus datos personales no ser\u00e1n cedidos a terceros sin su consentimiento, salvo cuando sea necesario para el cumplimiento de obligaciones legales o para la prestaci\u00f3n del servicio solicitado, en cuyo caso se garantizar\u00e1 la adopci\u00f3n de las medidas de seguridad y confidencialidad oportunas.\r\n\t\t<h2>9. Cambios en la Pol\u00edtica de Privacidad<\/h2>\r\n\t\tNos reservamos el derecho a realizar modificaciones en la presente Pol\u00edtica de Privacidad para adaptarla a novedades legislativas o jurisprudenciales, as\u00ed como a pr\u00e1cticas de la industria. Las modificaciones ser\u00e1n publicadas en esta misma p\u00e1gina y, en su caso, notificadas mediante un aviso destacado en nuestro sitio web.\r\n\t\t<h2>10. Contacto<\/h2>\r\n\t\tSi tiene cualquier duda o consulta sobre esta Pol\u00edtica de Privacidad o el tratamiento de sus datos, puede contactar con nuestro Delegado de Protecci\u00f3n de Datos o a trav\u00e9s de:\r\n\t\t<ul>\r\n\t\t\t<li>Correo electr\u00f3nico:<a href=\"mailto:info@go2bsecure.com\" target=\"_blank\" rel=\"noopener\">info@go2bsecure.<wbr \/>com<\/a><\/li>\r\n\t\t\t<li>Direcci\u00f3n:Paseo de la Castellana, 200. Madrid &#8211; Comunidad de Madrid &#8211; Spain<\/li>\r\n\t\t\t<li>Tel\u00e9fono:+34 9100053089<\/li>\r\n\t\t<\/ul>\r\n\t<\/div>\r\n<\/section>\r\n\r\n<style>\r\nh2 {\r\n    font-size: 30px !important;\r\n    margin: 22px 0 8px 0 !important;\r\n}\r\n<\/style>","protected":false},"excerpt":{"rendered":"Pol\u00edtica de Privacidad \u00daltima actualizaci\u00f3n: 20 de enero de 2024 1. Introducci\u00f3n En Rosebud International Technologies, SL nos comprometemos a proteger la privacidad y la seguridad de los datos personales de nuestros usuarios. La presente Pol\u00edtica de Privacidad tiene como objetivo informar de manera clara y transparente sobre la recogida, uso, tratamiento y las medidas &#8230; <a title=\"Pol\u00edtica de Privacidad\" class=\"read-more\" href=\"https:\/\/www.go2bsecure.com\/es\/politica-de-privacidad\/\" aria-label=\"Leer m\u00e1s sobre Pol\u00edtica de Privacidad\">Leer m\u00e1s<\/a>","protected":false},"author":1,"featured_media":0,"parent":0,"menu_order":0,"comment_status":"closed","ping_status":"closed","template":"template-full-width.php","meta":{"_acf_changed":false,"footnotes":""},"class_list":["post-771","page","type-page","status-publish"],"acf":[],"yoast_head":"<!-- This site is optimized with the Yoast SEO Premium plugin v26.0 (Yoast SEO v26.0) - https:\/\/yoast.com\/wordpress\/plugins\/seo\/ -->\n<title>Pol\u00edtica de Privacidad - Go2bSecure<\/title>\n<meta name=\"robots\" content=\"index, follow, max-snippet:-1, max-image-preview:large, max-video-preview:-1\" \/>\n<link rel=\"canonical\" href=\"https:\/\/www.go2bsecure.com\/es\/politica-de-privacidad\/\" \/>\n<meta property=\"og:locale\" content=\"es_ES\" \/>\n<meta property=\"og:type\" content=\"article\" \/>\n<meta property=\"og:title\" content=\"Pol\u00edtica de Privacidad\" \/>\n<meta property=\"og:description\" content=\"Pol\u00edtica de Privacidad \u00daltima actualizaci\u00f3n: 20 de enero de 2024 1. Introducci\u00f3n En Rosebud International Technologies, SL nos comprometemos a proteger la privacidad y la seguridad de los datos personales de nuestros usuarios. La presente Pol\u00edtica de Privacidad tiene como objetivo informar de manera clara y transparente sobre la recogida, uso, tratamiento y las medidas ... Leer m\u00e1s\" \/>\n<meta property=\"og:url\" content=\"https:\/\/www.go2bsecure.com\/es\/politica-de-privacidad\/\" \/>\n<meta property=\"og:site_name\" content=\"Go2bSecure\" \/>\n<meta property=\"article:modified_time\" content=\"2025-07-22T09:30:15+00:00\" \/>\n<meta name=\"twitter:card\" content=\"summary_large_image\" \/>\n<meta name=\"twitter:label1\" content=\"Tiempo de lectura\" \/>\n\t<meta name=\"twitter:data1\" content=\"3 minutos\" \/>\n<script type=\"application\/ld+json\" class=\"yoast-schema-graph\">{\"@context\":\"https:\/\/schema.org\",\"@graph\":[{\"@type\":\"WebPage\",\"@id\":\"https:\/\/www.go2bsecure.com\/es\/politica-de-privacidad\/\",\"url\":\"https:\/\/www.go2bsecure.com\/es\/politica-de-privacidad\/\",\"name\":\"Pol\u00edtica de Privacidad - Go2bSecure\",\"isPartOf\":{\"@id\":\"https:\/\/www.go2bsecure.com\/es\/#website\"},\"datePublished\":\"2025-07-22T09:16:37+00:00\",\"dateModified\":\"2025-07-22T09:30:15+00:00\",\"breadcrumb\":{\"@id\":\"https:\/\/www.go2bsecure.com\/es\/politica-de-privacidad\/#breadcrumb\"},\"inLanguage\":\"es\",\"potentialAction\":[{\"@type\":\"ReadAction\",\"target\":[\"https:\/\/www.go2bsecure.com\/es\/politica-de-privacidad\/\"]}]},{\"@type\":\"BreadcrumbList\",\"@id\":\"https:\/\/www.go2bsecure.com\/es\/politica-de-privacidad\/#breadcrumb\",\"itemListElement\":[{\"@type\":\"ListItem\",\"position\":1,\"name\":\"Portada\",\"item\":\"https:\/\/www.go2bsecure.com\/es\/\"},{\"@type\":\"ListItem\",\"position\":2,\"name\":\"Pol\u00edtica de Privacidad\"}]},{\"@type\":\"WebSite\",\"@id\":\"https:\/\/www.go2bsecure.com\/es\/#website\",\"url\":\"https:\/\/www.go2bsecure.com\/es\/\",\"name\":\"Go2bSecure\",\"description\":\"\",\"publisher\":{\"@id\":\"https:\/\/www.go2bsecure.com\/es\/#organization\"},\"potentialAction\":[{\"@type\":\"SearchAction\",\"target\":{\"@type\":\"EntryPoint\",\"urlTemplate\":\"https:\/\/www.go2bsecure.com\/es\/?s={search_term_string}\"},\"query-input\":{\"@type\":\"PropertyValueSpecification\",\"valueRequired\":true,\"valueName\":\"search_term_string\"}}],\"inLanguage\":\"es\"},{\"@type\":\"Organization\",\"@id\":\"https:\/\/www.go2bsecure.com\/es\/#organization\",\"name\":\"Go2bSecure\",\"url\":\"https:\/\/www.go2bsecure.com\/es\/\",\"logo\":{\"@type\":\"ImageObject\",\"inLanguage\":\"es\",\"@id\":\"https:\/\/www.go2bsecure.com\/es\/#\/schema\/logo\/image\/\",\"url\":\"https:\/\/www.go2bsecure.com\/wp-content\/uploads\/2025\/06\/Bsecure-logo-color-x1.png\",\"contentUrl\":\"https:\/\/www.go2bsecure.com\/wp-content\/uploads\/2025\/06\/Bsecure-logo-color-x1.png\",\"width\":198,\"height\":46,\"caption\":\"Go2bSecure\"},\"image\":{\"@id\":\"https:\/\/www.go2bsecure.com\/es\/#\/schema\/logo\/image\/\"}}]}<\/script>\n<!-- \/ Yoast SEO Premium plugin. -->","yoast_head_json":{"title":"Pol\u00edtica de Privacidad - Go2bSecure","robots":{"index":"index","follow":"follow","max-snippet":"max-snippet:-1","max-image-preview":"max-image-preview:large","max-video-preview":"max-video-preview:-1"},"canonical":"https:\/\/www.go2bsecure.com\/es\/politica-de-privacidad\/","og_locale":"es_ES","og_type":"article","og_title":"Pol\u00edtica de Privacidad","og_description":"Pol\u00edtica de Privacidad \u00daltima actualizaci\u00f3n: 20 de enero de 2024 1. Introducci\u00f3n En Rosebud International Technologies, SL nos comprometemos a proteger la privacidad y la seguridad de los datos personales de nuestros usuarios. La presente Pol\u00edtica de Privacidad tiene como objetivo informar de manera clara y transparente sobre la recogida, uso, tratamiento y las medidas ... Leer m\u00e1s","og_url":"https:\/\/www.go2bsecure.com\/es\/politica-de-privacidad\/","og_site_name":"Go2bSecure","article_modified_time":"2025-07-22T09:30:15+00:00","twitter_card":"summary_large_image","twitter_misc":{"Tiempo de lectura":"3 minutos"},"schema":{"@context":"https:\/\/schema.org","@graph":[{"@type":"WebPage","@id":"https:\/\/www.go2bsecure.com\/es\/politica-de-privacidad\/","url":"https:\/\/www.go2bsecure.com\/es\/politica-de-privacidad\/","name":"Pol\u00edtica de Privacidad - Go2bSecure","isPartOf":{"@id":"https:\/\/www.go2bsecure.com\/es\/#website"},"datePublished":"2025-07-22T09:16:37+00:00","dateModified":"2025-07-22T09:30:15+00:00","breadcrumb":{"@id":"https:\/\/www.go2bsecure.com\/es\/politica-de-privacidad\/#breadcrumb"},"inLanguage":"es","potentialAction":[{"@type":"ReadAction","target":["https:\/\/www.go2bsecure.com\/es\/politica-de-privacidad\/"]}]},{"@type":"BreadcrumbList","@id":"https:\/\/www.go2bsecure.com\/es\/politica-de-privacidad\/#breadcrumb","itemListElement":[{"@type":"ListItem","position":1,"name":"Portada","item":"https:\/\/www.go2bsecure.com\/es\/"},{"@type":"ListItem","position":2,"name":"Pol\u00edtica de Privacidad"}]},{"@type":"WebSite","@id":"https:\/\/www.go2bsecure.com\/es\/#website","url":"https:\/\/www.go2bsecure.com\/es\/","name":"Go2bSecure","description":"","publisher":{"@id":"https:\/\/www.go2bsecure.com\/es\/#organization"},"potentialAction":[{"@type":"SearchAction","target":{"@type":"EntryPoint","urlTemplate":"https:\/\/www.go2bsecure.com\/es\/?s={search_term_string}"},"query-input":{"@type":"PropertyValueSpecification","valueRequired":true,"valueName":"search_term_string"}}],"inLanguage":"es"},{"@type":"Organization","@id":"https:\/\/www.go2bsecure.com\/es\/#organization","name":"Go2bSecure","url":"https:\/\/www.go2bsecure.com\/es\/","logo":{"@type":"ImageObject","inLanguage":"es","@id":"https:\/\/www.go2bsecure.com\/es\/#\/schema\/logo\/image\/","url":"https:\/\/www.go2bsecure.com\/wp-content\/uploads\/2025\/06\/Bsecure-logo-color-x1.png","contentUrl":"https:\/\/www.go2bsecure.com\/wp-content\/uploads\/2025\/06\/Bsecure-logo-color-x1.png","width":198,"height":46,"caption":"Go2bSecure"},"image":{"@id":"https:\/\/www.go2bsecure.com\/es\/#\/schema\/logo\/image\/"}}]}},"_links":{"self":[{"href":"https:\/\/www.go2bsecure.com\/es\/wp-json\/wp\/v2\/pages\/771","targetHints":{"allow":["GET"]}}],"collection":[{"href":"https:\/\/www.go2bsecure.com\/es\/wp-json\/wp\/v2\/pages"}],"about":[{"href":"https:\/\/www.go2bsecure.com\/es\/wp-json\/wp\/v2\/types\/page"}],"author":[{"embeddable":true,"href":"https:\/\/www.go2bsecure.com\/es\/wp-json\/wp\/v2\/users\/1"}],"replies":[{"embeddable":true,"href":"https:\/\/www.go2bsecure.com\/es\/wp-json\/wp\/v2\/comments?post=771"}],"version-history":[{"count":4,"href":"https:\/\/www.go2bsecure.com\/es\/wp-json\/wp\/v2\/pages\/771\/revisions"}],"predecessor-version":[{"id":783,"href":"https:\/\/www.go2bsecure.com\/es\/wp-json\/wp\/v2\/pages\/771\/revisions\/783"}],"wp:attachment":[{"href":"https:\/\/www.go2bsecure.com\/es\/wp-json\/wp\/v2\/media?parent=771"}],"curies":[{"name":"wp","href":"https:\/\/api.w.org\/{rel}","templated":true}]}}