{"id":9,"date":"2025-04-10T11:05:22","date_gmt":"2025-04-10T09:05:22","guid":{"rendered":"https:\/\/www.go2bsecure.com\/?page_id=9"},"modified":"2025-07-29T14:33:16","modified_gmt":"2025-07-29T12:33:16","slug":"home","status":"publish","type":"page","link":"https:\/\/www.go2bsecure.com\/es\/","title":{"rendered":"Home"},"content":{"rendered":"<header id=\"header\" class=\"container space\">\r\n\t<img decoding=\"async\" src=\"\/wp-content\/uploads\/2025\/04\/Hero-desktop-scaled.webp\" class=\"desktop\" \/>\r\n\t<img decoding=\"async\" src=\"\/wp-content\/uploads\/2025\/04\/Hero-mobile.webp\" class=\"mobile\" \/>\r\n\t<div class=\"wrapper\">\r\n\t\t<span class=\"subtitle\">THE MAINFRAME &#038; SECURITY COMPANY<\/span>\r\n\t\t<h1>Proteja tus sistemas cr\u00edticos con nuestro sistema de auditor\u00eda y mejora continua para z\/OS<\/h1>\r\n\t<\/div>\r\n<\/header>\r\n\r\n<section id=\"two-columns\" class=\"container space\">\r\n\t<div class=\"wrapper\">\r\n\t\t<div class=\"grid\">\r\n\t\t\t<div class=\"left column\">\r\n\t\t\t\t<img decoding=\"async\" src=\"\/wp-content\/uploads\/2025\/04\/img-1.webp\" \/>\r\n\t\t\t<\/div>\r\n\t\t\t<div class=\"right column center\">\r\n\t\t\t\t<h2>Seguridad y auditor\u00eda de <span>mainframes z\/OS<\/span>, sin complicaciones<\/h2>\r\n\t\t\t\t<p>En Bsecure somos l\u00edderes en la protecci\u00f3n de sistemas z\/OS, la tecnolog\u00eda que sostiene las operaciones de los principales bancos, aseguradoras, estados y grandes corporaciones a nivel mundial. Con nuestro servicio de auditor\u00eda y mejora continua, mostramos con el nivel adecuado de evidencias, el nivel de cumplimiento de DORA y NIS2, entre otras, controlando y mejorando los riesgos tecnol\u00f3gicos y mejorando sensiblemente la postura de seguridad de sus sistemas.<\/p>\r\n\t\t\t<\/div>\r\n\t\t<\/div>\r\n\t<\/div>\r\n<\/section>\r\n\r\n<section id=\"two-columns\" class=\"container gray space\">\r\n\t<div class=\"wrapper\">\r\n\t\t<div class=\"grid\">\r\n\t\t\t<div class=\"left column\">\r\n\t\t\t\t<h2>DataPASS: Haga el trabajo de meses de duraci\u00f3n en <span>horas<\/span>.<\/h2>\r\n\t\t\t\t<p>Un ciclo de DataPASS en un solo LPAR equivale al trabajo de seis profesionales con decenas de a\u00f1os de experiencia durante cuatro meses.<\/p>\r\n\t\t\t<\/div>\r\n\t\t\t<div class=\"right column\">\r\n\t\t\t\t<ul class=\"tick\">\r\n\t\t\t\t\t<li>Obtenci\u00f3n semanal del dashboard de resultados sin importar el n\u00famero de Data Centers \/ Servicios \/ SYSPLEX \/ LPARS\u2026<\/li>\r\n\t\t\t\t\t<li>An\u00e1lisis r\u00e1pido y preciso con el servicio Flash 1: Primer diagn\u00f3stico completo en menos de un mes con centenares de controles.<\/li>\r\n\t\t\t\t\t<li>Cumplimiento normativo: Mostramos nivel de cumplimiento de DORA, NIS2, NIST 2, PCI-DSS, GDPR, ISO 27001\u2026<\/li>\r\n\t\t\t\t\t<li>Mantenimiento del plan de mejora continua de la seguridad, prestando soporte de consultor\u00eda a cada uno de los cientos de controles evaluados.<\/li>\r\n\t\t\t\t\t<li>Posibilidad de crear controles de riesgos espec\u00edficos para cada cliente para conseguir la m\u00e1xima adecuaci\u00f3n del servicio.<\/li>\r\n\t\t\t\t<\/ul>\r\n\t\t\t\t<a href=\"\/es\/contacto\/\" class=\"btn\">Solicite un diagn\u00f3stico<\/a>\r\n\t\t\t<\/div>\r\n\t\t<\/div>\r\n\t<\/div>\r\n<\/section>\r\n\r\n<section id=\"content-center\" class=\"container space\">\r\n\t<div class=\"wrapper\">\r\n\t\t<div class=\"reduce-width\">\r\n\t\t\t<h2>Sectores en los que estamos presentes<\/h2>\r\n\t\t<\/div>\r\n\t\t\r\n\t\t<div class=\"icon-grid\">\r\n\t\t\t<card>\r\n\t\t\t\t<div class=\"icon financiero\"><\/div>\r\n\t\t\t\t<div class=\"text\">\r\n\t\t\t\t\t<span class=\"title\">59%<\/span>\r\n\t\t\t\t\t<span class=\"text\">Sector Financiero<\/span>\r\n\t\t\t\t<\/div>\r\n\t\t\t<\/card>\r\n\t\t\t<card>\r\n\t\t\t\t<div class=\"icon seguros\"><\/div>\r\n\t\t\t\t<div class=\"text\">\r\n\t\t\t\t\t<span class=\"title\">22%<\/span>\r\n\t\t\t\t\t<span class=\"text\">Sector Seguros<\/span>\r\n\t\t\t\t<\/div>\r\n\t\t\t<\/card>\r\n\t\t\t<card>\r\n\t\t\t\t<div class=\"icon gobierno\"><\/div>\r\n\t\t\t\t<div class=\"text\">\r\n\t\t\t\t\t<span class=\"title\">16%<\/span>\r\n\t\t\t\t\t<span class=\"text\">Gobierno<\/span>\r\n\t\t\t\t<\/div>\r\n\t\t\t<\/card>\r\n\t\t\t<card>\r\n\t\t\t\t<div class=\"icon otros\"><\/div>\r\n\t\t\t\t<div class=\"text\">\r\n\t\t\t\t\t<span class=\"title\">3%<\/span>\r\n\t\t\t\t\t<span class=\"text\">Otros sectores<\/span>\r\n\t\t\t\t<\/div>\r\n\t\t\t<\/card>\r\n\t\t<\/div>\r\n\t<\/div>\r\n<\/section>\r\n\r\n<section id=\"content-center\" class=\"container space\">\r\n\t<div class=\"wrapper\">\r\n\t\t<div class=\"reduce-width\">\r\n\t\t\t<h2><span>M\u00e1s que una auditor\u00eda:<\/span> Servicios complementarios<\/h2>\r\n\t\t<\/div>\r\n\t\t\r\n\t\t<div class=\"service-grid\">\r\n\t\t\t<card>\r\n\t\t\t\t<span class=\"title\">Formaci\u00f3n online a trav\u00e9s de BSecure University, domina el hacking \u00e9tico en entornos z\/OS.<\/span>\r\n\t\t\t\t<a href=\"\/es\/cursos-z-os\/\">Acceda a los cursos<\/a>\r\n\t\t\t<\/card>\r\n\t\t\t<card>\r\n\t\t\t\t<span class=\"title\">Comercializaci\u00f3n de soluciones de seguridad de terceros para reforzar la ciberseguridad de su empresa.<\/span>\r\n\t\t\t\t<a href=\"\/es\/partners\/\">Visita nuestra oferta de partners homologados.<\/a>\r\n\t\t\t<\/card>\r\n\t\t\t<card>\r\n\t\t\t\t<span class=\"title\">Capacite a su empresa para ofrecer los servicios de seguridad y auditor\u00eda mainframe como proveedor de confianza de sus principales clientes.<\/span>\r\n\t\t\t\t<a href=\"\/es\/datapass-hub\/\">Comercializar DataPASS Hub<\/a>\r\n\t\t\t<\/card>\t\r\n\t\t<\/div>\r\n\t<\/div>\r\n<\/section>","protected":false},"excerpt":{"rendered":"THE MAINFRAME &#038; SECURITY COMPANY Proteja tus sistemas cr\u00edticos con nuestro sistema de auditor\u00eda y mejora continua para z\/OS Seguridad y auditor\u00eda de mainframes z\/OS, sin complicaciones En Bsecure somos l\u00edderes en la protecci\u00f3n de sistemas z\/OS, la tecnolog\u00eda que sostiene las operaciones de los principales bancos, aseguradoras, estados y grandes corporaciones a nivel mundial. &#8230; <a title=\"Home\" class=\"read-more\" href=\"https:\/\/www.go2bsecure.com\/es\/\" aria-label=\"Leer m\u00e1s sobre Home\">Leer m\u00e1s<\/a>","protected":false},"author":1,"featured_media":0,"parent":0,"menu_order":0,"comment_status":"closed","ping_status":"closed","template":"template-full-width.php","meta":{"_acf_changed":false,"footnotes":""},"class_list":["post-9","page","type-page","status-publish"],"acf":[],"yoast_head":"<!-- This site is optimized with the Yoast SEO Premium plugin v26.0 (Yoast SEO v26.0) - https:\/\/yoast.com\/wordpress\/plugins\/seo\/ -->\n<title>Expertos en mainframe y seguridad | Cursos, software y auditor\u00eda<\/title>\n<meta name=\"description\" content=\"Todo lo que necesitas para proteger y optimizar entornos z\/OS: formaci\u00f3n, software, consultor\u00eda y auditor\u00eda t\u00e9cnica\" \/>\n<meta name=\"robots\" content=\"index, follow, max-snippet:-1, max-image-preview:large, max-video-preview:-1\" \/>\n<link rel=\"canonical\" href=\"https:\/\/www.go2bsecure.com\/es\/\" \/>\n<meta property=\"og:locale\" content=\"es_ES\" \/>\n<meta property=\"og:type\" content=\"article\" \/>\n<meta property=\"og:title\" content=\"Home\" \/>\n<meta property=\"og:description\" content=\"Todo lo que necesitas para proteger y optimizar entornos z\/OS: formaci\u00f3n, software, consultor\u00eda y auditor\u00eda t\u00e9cnica\" \/>\n<meta property=\"og:url\" content=\"https:\/\/www.go2bsecure.com\/es\/\" \/>\n<meta property=\"og:site_name\" content=\"Go2bSecure\" \/>\n<meta property=\"article:modified_time\" content=\"2025-07-29T12:33:16+00:00\" \/>\n<meta name=\"twitter:card\" content=\"summary_large_image\" \/>\n<meta name=\"twitter:label1\" content=\"Tiempo de lectura\" \/>\n\t<meta name=\"twitter:data1\" content=\"2 minutos\" \/>\n<script type=\"application\/ld+json\" class=\"yoast-schema-graph\">{\"@context\":\"https:\/\/schema.org\",\"@graph\":[{\"@type\":\"WebPage\",\"@id\":\"https:\/\/www.go2bsecure.com\/es\/\",\"url\":\"https:\/\/www.go2bsecure.com\/es\/\",\"name\":\"Expertos en mainframe y seguridad | Cursos, software y auditor\u00eda\",\"isPartOf\":{\"@id\":\"https:\/\/www.go2bsecure.com\/es\/#website\"},\"datePublished\":\"2025-04-10T09:05:22+00:00\",\"dateModified\":\"2025-07-29T12:33:16+00:00\",\"description\":\"Todo lo que necesitas para proteger y optimizar entornos z\/OS: formaci\u00f3n, software, consultor\u00eda y auditor\u00eda t\u00e9cnica\",\"breadcrumb\":{\"@id\":\"https:\/\/www.go2bsecure.com\/es\/#breadcrumb\"},\"inLanguage\":\"es\",\"potentialAction\":[{\"@type\":\"ReadAction\",\"target\":[\"https:\/\/www.go2bsecure.com\/es\/\"]}]},{\"@type\":\"BreadcrumbList\",\"@id\":\"https:\/\/www.go2bsecure.com\/es\/#breadcrumb\",\"itemListElement\":[{\"@type\":\"ListItem\",\"position\":1,\"name\":\"Portada\",\"item\":\"https:\/\/www.go2bsecure.com\/es\/\"},{\"@type\":\"ListItem\",\"position\":2,\"name\":\"Home\"}]},{\"@type\":\"WebSite\",\"@id\":\"https:\/\/www.go2bsecure.com\/es\/#website\",\"url\":\"https:\/\/www.go2bsecure.com\/es\/\",\"name\":\"Go2bSecure\",\"description\":\"\",\"publisher\":{\"@id\":\"https:\/\/www.go2bsecure.com\/es\/#organization\"},\"potentialAction\":[{\"@type\":\"SearchAction\",\"target\":{\"@type\":\"EntryPoint\",\"urlTemplate\":\"https:\/\/www.go2bsecure.com\/es\/?s={search_term_string}\"},\"query-input\":{\"@type\":\"PropertyValueSpecification\",\"valueRequired\":true,\"valueName\":\"search_term_string\"}}],\"inLanguage\":\"es\"},{\"@type\":\"Organization\",\"@id\":\"https:\/\/www.go2bsecure.com\/es\/#organization\",\"name\":\"Go2bSecure\",\"url\":\"https:\/\/www.go2bsecure.com\/es\/\",\"logo\":{\"@type\":\"ImageObject\",\"inLanguage\":\"es\",\"@id\":\"https:\/\/www.go2bsecure.com\/es\/#\/schema\/logo\/image\/\",\"url\":\"https:\/\/www.go2bsecure.com\/wp-content\/uploads\/2025\/06\/Bsecure-logo-color-x1.png\",\"contentUrl\":\"https:\/\/www.go2bsecure.com\/wp-content\/uploads\/2025\/06\/Bsecure-logo-color-x1.png\",\"width\":198,\"height\":46,\"caption\":\"Go2bSecure\"},\"image\":{\"@id\":\"https:\/\/www.go2bsecure.com\/es\/#\/schema\/logo\/image\/\"}}]}<\/script>\n<!-- \/ Yoast SEO Premium plugin. -->","yoast_head_json":{"title":"Expertos en mainframe y seguridad | Cursos, software y auditor\u00eda","description":"Todo lo que necesitas para proteger y optimizar entornos z\/OS: formaci\u00f3n, software, consultor\u00eda y auditor\u00eda t\u00e9cnica","robots":{"index":"index","follow":"follow","max-snippet":"max-snippet:-1","max-image-preview":"max-image-preview:large","max-video-preview":"max-video-preview:-1"},"canonical":"https:\/\/www.go2bsecure.com\/es\/","og_locale":"es_ES","og_type":"article","og_title":"Home","og_description":"Todo lo que necesitas para proteger y optimizar entornos z\/OS: formaci\u00f3n, software, consultor\u00eda y auditor\u00eda t\u00e9cnica","og_url":"https:\/\/www.go2bsecure.com\/es\/","og_site_name":"Go2bSecure","article_modified_time":"2025-07-29T12:33:16+00:00","twitter_card":"summary_large_image","twitter_misc":{"Tiempo de lectura":"2 minutos"},"schema":{"@context":"https:\/\/schema.org","@graph":[{"@type":"WebPage","@id":"https:\/\/www.go2bsecure.com\/es\/","url":"https:\/\/www.go2bsecure.com\/es\/","name":"Expertos en mainframe y seguridad | Cursos, software y auditor\u00eda","isPartOf":{"@id":"https:\/\/www.go2bsecure.com\/es\/#website"},"datePublished":"2025-04-10T09:05:22+00:00","dateModified":"2025-07-29T12:33:16+00:00","description":"Todo lo que necesitas para proteger y optimizar entornos z\/OS: formaci\u00f3n, software, consultor\u00eda y auditor\u00eda t\u00e9cnica","breadcrumb":{"@id":"https:\/\/www.go2bsecure.com\/es\/#breadcrumb"},"inLanguage":"es","potentialAction":[{"@type":"ReadAction","target":["https:\/\/www.go2bsecure.com\/es\/"]}]},{"@type":"BreadcrumbList","@id":"https:\/\/www.go2bsecure.com\/es\/#breadcrumb","itemListElement":[{"@type":"ListItem","position":1,"name":"Portada","item":"https:\/\/www.go2bsecure.com\/es\/"},{"@type":"ListItem","position":2,"name":"Home"}]},{"@type":"WebSite","@id":"https:\/\/www.go2bsecure.com\/es\/#website","url":"https:\/\/www.go2bsecure.com\/es\/","name":"Go2bSecure","description":"","publisher":{"@id":"https:\/\/www.go2bsecure.com\/es\/#organization"},"potentialAction":[{"@type":"SearchAction","target":{"@type":"EntryPoint","urlTemplate":"https:\/\/www.go2bsecure.com\/es\/?s={search_term_string}"},"query-input":{"@type":"PropertyValueSpecification","valueRequired":true,"valueName":"search_term_string"}}],"inLanguage":"es"},{"@type":"Organization","@id":"https:\/\/www.go2bsecure.com\/es\/#organization","name":"Go2bSecure","url":"https:\/\/www.go2bsecure.com\/es\/","logo":{"@type":"ImageObject","inLanguage":"es","@id":"https:\/\/www.go2bsecure.com\/es\/#\/schema\/logo\/image\/","url":"https:\/\/www.go2bsecure.com\/wp-content\/uploads\/2025\/06\/Bsecure-logo-color-x1.png","contentUrl":"https:\/\/www.go2bsecure.com\/wp-content\/uploads\/2025\/06\/Bsecure-logo-color-x1.png","width":198,"height":46,"caption":"Go2bSecure"},"image":{"@id":"https:\/\/www.go2bsecure.com\/es\/#\/schema\/logo\/image\/"}}]}},"_links":{"self":[{"href":"https:\/\/www.go2bsecure.com\/es\/wp-json\/wp\/v2\/pages\/9","targetHints":{"allow":["GET"]}}],"collection":[{"href":"https:\/\/www.go2bsecure.com\/es\/wp-json\/wp\/v2\/pages"}],"about":[{"href":"https:\/\/www.go2bsecure.com\/es\/wp-json\/wp\/v2\/types\/page"}],"author":[{"embeddable":true,"href":"https:\/\/www.go2bsecure.com\/es\/wp-json\/wp\/v2\/users\/1"}],"replies":[{"embeddable":true,"href":"https:\/\/www.go2bsecure.com\/es\/wp-json\/wp\/v2\/comments?post=9"}],"version-history":[{"count":5,"href":"https:\/\/www.go2bsecure.com\/es\/wp-json\/wp\/v2\/pages\/9\/revisions"}],"predecessor-version":[{"id":811,"href":"https:\/\/www.go2bsecure.com\/es\/wp-json\/wp\/v2\/pages\/9\/revisions\/811"}],"wp:attachment":[{"href":"https:\/\/www.go2bsecure.com\/es\/wp-json\/wp\/v2\/media?parent=9"}],"curies":[{"name":"wp","href":"https:\/\/api.w.org\/{rel}","templated":true}]}}