{"id":94,"date":"2025-04-11T12:10:17","date_gmt":"2025-04-11T10:10:17","guid":{"rendered":"https:\/\/www.go2bsecure.com\/?page_id=94"},"modified":"2025-07-29T14:33:00","modified_gmt":"2025-07-29T12:33:00","slug":"datapass-hub","status":"publish","type":"page","link":"https:\/\/www.go2bsecure.com\/es\/datapass-hub\/","title":{"rendered":"DataPASS Hub"},"content":{"rendered":"<section id=\"page-header\" class=\"container space\">\r\n\t<div class=\"wrapper\">\r\n\t\t<h1>DataPASS Hub: <br><small>Seguridad y auditor\u00eda mainframe para proveedores de confianza de las grandes corporaciones.<\/small><\/h1>\r\n\t<\/div>\r\n<\/section>\r\n\r\n<section id=\"two-columns\" class=\"container space\">\r\n\t<div class=\"wrapper\">\r\n\t\t<div class=\"grid\">\r\n            <div class=\"left column center no-resize\">\r\n                <img decoding=\"async\" src=\"\/wp-content\/uploads\/2025\/06\/DataPass-Hub-tabla.png\" class=\"contain\"\/>\r\n\t\t\t<\/div>\r\n\t\t\t<div class=\"right column center\">\r\n\t\t\t\t<h2>\u00bfQu\u00e9 es <span>DataPASS Hub<\/span>?<\/h2>\r\n\t\t\t\t<p>DataPASS Hub es la versi\u00f3n para partners de nuestra soluci\u00f3n l\u00edder en auditor\u00eda y seguridad para entornos mainframe z\/OS. Est\u00e1 dise\u00f1ada para que empresas auditoras, consultoras de ciberseguridad y MSSPs puedan ampliar su cat\u00e1logo de servicios como proveedor de confianza de grandes organizaciones clientes.<\/p>\r\n\t\t\t\t<p>Con DataPASS Hub, estas empresas podr\u00e1n ampliar su cartera de servicios a los grandes clientes usuarios de la tecnolog\u00eda z\/OS sin tener que invertir en desarrollo de software y contrataci\u00f3n de los pocos expertos que quedan en el mercado.<\/p>\r\n\t\t\t\t<a href=\"\/es\/contacto\/\" class=\"btn\">M\u00e1s informaci\u00f3n<\/a>\r\n\t\t\t<\/div>\r\n\t\t<\/div>\r\n\t<\/div>\r\n<\/section>\r\n\r\n<section id=\"big-grid\" class=\"container\">\r\n\t<div class=\"wrapper\">\r\n\t\t<h2>\u00bfQu\u00e9 ofrece DataPASS Hub?<\/h2>\r\n\t\t\r\n\t\t<div class=\"grid\">\r\n\t\t\t<card>\r\n\t\t\t\t<label>1<\/label>\r\n\t\t\t\t<span class=\"title\">Aumento del valor a\u00f1adido ante sus clientes<\/span>\r\n\t\t\t\t<p>Podr\u00e1n comercializar DataPASS Hub con su logo, identidad corporativa y brandig, ofreciendo a sus clientes una experiencia totalmente alineada con su empresa.<\/p>\r\n\t\t\t<\/card>\r\n\t\t\t<card>\r\n\t\t\t\t<label>2<\/label>\r\n\t\t\t\t<span class=\"title\">Implementaci\u00f3n r\u00e1pida y sin fricciones<\/span>\r\n\t\t\t\t<p>El servicio se despliega en menos de 4 semanas, permiti\u00e9ndole ofrecer auditor\u00edas de seguridad automatizadas sin necesidad de personal especializado en mainframes.<\/p>\r\n\t\t\t<\/card>\r\n\t\t\t<card>\r\n\t\t\t\t<label>3<\/label>\r\n\t\t\t\t<span class=\"title\">Monitorizaci\u00f3n y auditor\u00eda continua<\/span>\r\n\t\t\t\t<p>Los informes generados incluyen varios cientos de controles tecnol\u00f3gicos, evaluaci\u00f3n de la postura de seguridad, vulnerabilidades detectadas y nivel de cumplimiento normativo (DORA, NIS2, PCI DSS, SOX GDRP&#8230;)<\/p>\r\n\t\t\t<\/card>\r\n\t\t\t<card>\r\n\t\t\t\t<label>4<\/label>\r\n\t\t\t\t<span class=\"title\">Soporte y formaci\u00f3n para su equipo<\/span>\r\n\t\t\t\t<p>Incluye capacitaci\u00f3n para sus auditores y especialistas en ciberseguridad, asegurando una correcta implementaci\u00f3n del servicio.<\/p>\r\n\t\t\t<\/card>\r\n\t\t<\/div>\r\n\t<\/div>\r\n<\/section>\r\n\r\n<section id=\"tick-list\" class=\"container light-background three-column\">\r\n\t<div class=\"wrapper\">\r\n\t\t<h2><span>Beneficios<\/span> de integrar DataPASS Hub<\/h2>\r\n\t\t<div class=\"list\">\r\n\t\t\t<card>\r\n\t\t\t\t<span class=\"title\">Expanda su oferta de servicios<\/span>\r\n\t\t\t\t<p>A\u00f1ada un servicio de auditor\u00eda mainframe de alto valor sin necesidad de desarrollo propio.<\/p>\r\n\t\t\t<\/card>\r\n\t\t\t<card>\r\n\t\t\t\t<span class=\"title\">Genere nuevas fuentes de ingresos<\/span>\r\n\t\t\t\t<p>Cree una nueva l\u00ednea de negocio con una soluci\u00f3n especializada en cumplimiento normativo y seguridad.<\/p>\r\n\t\t\t<\/card>\r\n\t\t\t<card>\r\n\t\t\t\t<span class=\"title\">Ahorre tiempo y costos<\/span>\r\n\t\t\t\t<p>Reduzca el tiempo de auditor\u00eda en sus clientes de 6 meses a 4 semanas sin necesidad de ampliar su equipo humano.<\/p>\r\n\t\t\t<\/card>\r\n\t\t\t<card>\r\n\t\t\t\t<span class=\"title\">Diferenciaci\u00f3n en el mercado<\/span>\r\n\t\t\t\t<p>Ofrezca un servicio exclusivo y altamente demandado por empresas que operan con mainframes z\/OS.<\/p>\r\n\t\t\t<\/card>\r\n\t\t\t<card>\r\n\t\t\t\t<span class=\"title\">Modelo flexible y escalable<\/span>\r\n\t\t\t\t<p>Compatible con cualquier nivel de outsourcing, integrable con SIEM y SOC, y adaptable a clientes de cualquier tama\u00f1o.<\/p>\r\n\t\t\t<\/card>\r\n\t\t<\/div>\r\n\t\t\r\n\t\t<a href=\"\/es\/contacto\/\" class=\"btn\">Quisiera m\u00e1s informaci\u00f3n<\/a>\r\n\t<\/div>\t \r\n<\/section>","protected":false},"excerpt":{"rendered":"DataPASS Hub: Seguridad y auditor\u00eda mainframe para proveedores de confianza de las grandes corporaciones. \u00bfQu\u00e9 es DataPASS Hub? DataPASS Hub es la versi\u00f3n para partners de nuestra soluci\u00f3n l\u00edder en auditor\u00eda y seguridad para entornos mainframe z\/OS. Est\u00e1 dise\u00f1ada para que empresas auditoras, consultoras de ciberseguridad y MSSPs puedan ampliar su cat\u00e1logo de servicios como &#8230; <a title=\"DataPASS Hub\" class=\"read-more\" href=\"https:\/\/www.go2bsecure.com\/es\/datapass-hub\/\" aria-label=\"Leer m\u00e1s sobre DataPASS Hub\">Leer m\u00e1s<\/a>","protected":false},"author":1,"featured_media":0,"parent":0,"menu_order":0,"comment_status":"closed","ping_status":"closed","template":"template-full-width.php","meta":{"_acf_changed":false,"footnotes":""},"class_list":["post-94","page","type-page","status-publish"],"acf":[],"yoast_head":"<!-- This site is optimized with the Yoast SEO Premium plugin v26.0 (Yoast SEO v26.0) - https:\/\/yoast.com\/wordpress\/plugins\/seo\/ -->\n<title>Data Pass Hub | Software de seguridad y auditor\u00eda para z\/OS<\/title>\n<meta name=\"description\" content=\"Automatiza la auditor\u00eda y garantiza el cumplimiento TI en mainframes z\/OS con nuestro software especializado DataPASS Hub\" \/>\n<meta name=\"robots\" content=\"index, follow, max-snippet:-1, max-image-preview:large, max-video-preview:-1\" \/>\n<link rel=\"canonical\" href=\"https:\/\/www.go2bsecure.com\/es\/datapass-hub\/\" \/>\n<meta property=\"og:locale\" content=\"es_ES\" \/>\n<meta property=\"og:type\" content=\"article\" \/>\n<meta property=\"og:title\" content=\"DataPASS Hub\" \/>\n<meta property=\"og:description\" content=\"Automatiza la auditor\u00eda y garantiza el cumplimiento TI en mainframes z\/OS con nuestro software especializado DataPASS Hub\" \/>\n<meta property=\"og:url\" content=\"https:\/\/www.go2bsecure.com\/es\/datapass-hub\/\" \/>\n<meta property=\"og:site_name\" content=\"Go2bSecure\" \/>\n<meta property=\"article:modified_time\" content=\"2025-07-29T12:33:00+00:00\" \/>\n<meta name=\"twitter:card\" content=\"summary_large_image\" \/>\n<meta name=\"twitter:label1\" content=\"Tiempo de lectura\" \/>\n\t<meta name=\"twitter:data1\" content=\"2 minutos\" \/>\n<script type=\"application\/ld+json\" class=\"yoast-schema-graph\">{\"@context\":\"https:\/\/schema.org\",\"@graph\":[{\"@type\":\"WebPage\",\"@id\":\"https:\/\/www.go2bsecure.com\/es\/datapass-hub\/\",\"url\":\"https:\/\/www.go2bsecure.com\/es\/datapass-hub\/\",\"name\":\"Data Pass Hub | Software de seguridad y auditor\u00eda para z\/OS\",\"isPartOf\":{\"@id\":\"https:\/\/www.go2bsecure.com\/es\/#website\"},\"datePublished\":\"2025-04-11T10:10:17+00:00\",\"dateModified\":\"2025-07-29T12:33:00+00:00\",\"description\":\"Automatiza la auditor\u00eda y garantiza el cumplimiento TI en mainframes z\/OS con nuestro software especializado DataPASS Hub\",\"breadcrumb\":{\"@id\":\"https:\/\/www.go2bsecure.com\/es\/datapass-hub\/#breadcrumb\"},\"inLanguage\":\"es\",\"potentialAction\":[{\"@type\":\"ReadAction\",\"target\":[\"https:\/\/www.go2bsecure.com\/es\/datapass-hub\/\"]}]},{\"@type\":\"BreadcrumbList\",\"@id\":\"https:\/\/www.go2bsecure.com\/es\/datapass-hub\/#breadcrumb\",\"itemListElement\":[{\"@type\":\"ListItem\",\"position\":1,\"name\":\"Portada\",\"item\":\"https:\/\/www.go2bsecure.com\/es\/\"},{\"@type\":\"ListItem\",\"position\":2,\"name\":\"DataPASS Hub\"}]},{\"@type\":\"WebSite\",\"@id\":\"https:\/\/www.go2bsecure.com\/es\/#website\",\"url\":\"https:\/\/www.go2bsecure.com\/es\/\",\"name\":\"Go2bSecure\",\"description\":\"\",\"publisher\":{\"@id\":\"https:\/\/www.go2bsecure.com\/es\/#organization\"},\"potentialAction\":[{\"@type\":\"SearchAction\",\"target\":{\"@type\":\"EntryPoint\",\"urlTemplate\":\"https:\/\/www.go2bsecure.com\/es\/?s={search_term_string}\"},\"query-input\":{\"@type\":\"PropertyValueSpecification\",\"valueRequired\":true,\"valueName\":\"search_term_string\"}}],\"inLanguage\":\"es\"},{\"@type\":\"Organization\",\"@id\":\"https:\/\/www.go2bsecure.com\/es\/#organization\",\"name\":\"Go2bSecure\",\"url\":\"https:\/\/www.go2bsecure.com\/es\/\",\"logo\":{\"@type\":\"ImageObject\",\"inLanguage\":\"es\",\"@id\":\"https:\/\/www.go2bsecure.com\/es\/#\/schema\/logo\/image\/\",\"url\":\"https:\/\/www.go2bsecure.com\/wp-content\/uploads\/2025\/06\/Bsecure-logo-color-x1.png\",\"contentUrl\":\"https:\/\/www.go2bsecure.com\/wp-content\/uploads\/2025\/06\/Bsecure-logo-color-x1.png\",\"width\":198,\"height\":46,\"caption\":\"Go2bSecure\"},\"image\":{\"@id\":\"https:\/\/www.go2bsecure.com\/es\/#\/schema\/logo\/image\/\"}}]}<\/script>\n<!-- \/ Yoast SEO Premium plugin. -->","yoast_head_json":{"title":"Data Pass Hub | Software de seguridad y auditor\u00eda para z\/OS","description":"Automatiza la auditor\u00eda y garantiza el cumplimiento TI en mainframes z\/OS con nuestro software especializado DataPASS Hub","robots":{"index":"index","follow":"follow","max-snippet":"max-snippet:-1","max-image-preview":"max-image-preview:large","max-video-preview":"max-video-preview:-1"},"canonical":"https:\/\/www.go2bsecure.com\/es\/datapass-hub\/","og_locale":"es_ES","og_type":"article","og_title":"DataPASS Hub","og_description":"Automatiza la auditor\u00eda y garantiza el cumplimiento TI en mainframes z\/OS con nuestro software especializado DataPASS Hub","og_url":"https:\/\/www.go2bsecure.com\/es\/datapass-hub\/","og_site_name":"Go2bSecure","article_modified_time":"2025-07-29T12:33:00+00:00","twitter_card":"summary_large_image","twitter_misc":{"Tiempo de lectura":"2 minutos"},"schema":{"@context":"https:\/\/schema.org","@graph":[{"@type":"WebPage","@id":"https:\/\/www.go2bsecure.com\/es\/datapass-hub\/","url":"https:\/\/www.go2bsecure.com\/es\/datapass-hub\/","name":"Data Pass Hub | Software de seguridad y auditor\u00eda para z\/OS","isPartOf":{"@id":"https:\/\/www.go2bsecure.com\/es\/#website"},"datePublished":"2025-04-11T10:10:17+00:00","dateModified":"2025-07-29T12:33:00+00:00","description":"Automatiza la auditor\u00eda y garantiza el cumplimiento TI en mainframes z\/OS con nuestro software especializado DataPASS Hub","breadcrumb":{"@id":"https:\/\/www.go2bsecure.com\/es\/datapass-hub\/#breadcrumb"},"inLanguage":"es","potentialAction":[{"@type":"ReadAction","target":["https:\/\/www.go2bsecure.com\/es\/datapass-hub\/"]}]},{"@type":"BreadcrumbList","@id":"https:\/\/www.go2bsecure.com\/es\/datapass-hub\/#breadcrumb","itemListElement":[{"@type":"ListItem","position":1,"name":"Portada","item":"https:\/\/www.go2bsecure.com\/es\/"},{"@type":"ListItem","position":2,"name":"DataPASS Hub"}]},{"@type":"WebSite","@id":"https:\/\/www.go2bsecure.com\/es\/#website","url":"https:\/\/www.go2bsecure.com\/es\/","name":"Go2bSecure","description":"","publisher":{"@id":"https:\/\/www.go2bsecure.com\/es\/#organization"},"potentialAction":[{"@type":"SearchAction","target":{"@type":"EntryPoint","urlTemplate":"https:\/\/www.go2bsecure.com\/es\/?s={search_term_string}"},"query-input":{"@type":"PropertyValueSpecification","valueRequired":true,"valueName":"search_term_string"}}],"inLanguage":"es"},{"@type":"Organization","@id":"https:\/\/www.go2bsecure.com\/es\/#organization","name":"Go2bSecure","url":"https:\/\/www.go2bsecure.com\/es\/","logo":{"@type":"ImageObject","inLanguage":"es","@id":"https:\/\/www.go2bsecure.com\/es\/#\/schema\/logo\/image\/","url":"https:\/\/www.go2bsecure.com\/wp-content\/uploads\/2025\/06\/Bsecure-logo-color-x1.png","contentUrl":"https:\/\/www.go2bsecure.com\/wp-content\/uploads\/2025\/06\/Bsecure-logo-color-x1.png","width":198,"height":46,"caption":"Go2bSecure"},"image":{"@id":"https:\/\/www.go2bsecure.com\/es\/#\/schema\/logo\/image\/"}}]}},"_links":{"self":[{"href":"https:\/\/www.go2bsecure.com\/es\/wp-json\/wp\/v2\/pages\/94","targetHints":{"allow":["GET"]}}],"collection":[{"href":"https:\/\/www.go2bsecure.com\/es\/wp-json\/wp\/v2\/pages"}],"about":[{"href":"https:\/\/www.go2bsecure.com\/es\/wp-json\/wp\/v2\/types\/page"}],"author":[{"embeddable":true,"href":"https:\/\/www.go2bsecure.com\/es\/wp-json\/wp\/v2\/users\/1"}],"replies":[{"embeddable":true,"href":"https:\/\/www.go2bsecure.com\/es\/wp-json\/wp\/v2\/comments?post=94"}],"version-history":[{"count":2,"href":"https:\/\/www.go2bsecure.com\/es\/wp-json\/wp\/v2\/pages\/94\/revisions"}],"predecessor-version":[{"id":810,"href":"https:\/\/www.go2bsecure.com\/es\/wp-json\/wp\/v2\/pages\/94\/revisions\/810"}],"wp:attachment":[{"href":"https:\/\/www.go2bsecure.com\/es\/wp-json\/wp\/v2\/media?parent=94"}],"curies":[{"name":"wp","href":"https:\/\/api.w.org\/{rel}","templated":true}]}}